{"id":3275,"date":"2024-04-22T10:32:17","date_gmt":"2024-04-22T10:32:17","guid":{"rendered":"https:\/\/3dprint.capib.ro\/?page_id=3275"},"modified":"2026-04-16T19:35:06","modified_gmt":"2026-04-16T19:35:06","slug":"bedingungen-und-konditionen","status":"publish","type":"page","link":"https:\/\/capib.ro\/3dprint\/de\/termeni-si-conditii\/","title":{"rendered":"Bedingungen und Konditionen"},"content":{"rendered":"<div data-elementor-type=\"wp-page\" data-elementor-id=\"3275\" class=\"elementor elementor-3275\" data-elementor-post-type=\"page\">\n\t\t\t\t<div class=\"elementor-element elementor-element-0208b14 e-flex e-con-boxed e-con e-parent\" data-id=\"0208b14\" data-element_type=\"container\" data-e-type=\"container\">\n\t\t\t\t\t<div class=\"e-con-inner\">\n\t\t\t\t<div class=\"elementor-element elementor-element-aa7e3e3 elementor-widget elementor-widget-heading\" data-id=\"aa7e3e3\" data-element_type=\"widget\" data-e-type=\"widget\" data-widget_type=\"heading.default\">\n\t\t\t\t\t<h2 class=\"elementor-heading-title elementor-size-default\">Bedingungen und Konditionen\n\n<\/h2>\t\t\t\t<\/div>\n\t\t\t\t<div class=\"elementor-element elementor-element-a179713 elementor-widget elementor-widget-text-editor\" data-id=\"a179713\" data-element_type=\"widget\" data-e-type=\"widget\" data-widget_type=\"text-editor.default\">\n\t\t\t\t\t\t\t\t\t<p><strong>EINF\u00dcHRUNG<\/strong><\/p><p>Die Nutzung, einschlie\u00dflich des Besuchs und des Kaufs von Produkten auf der Website www.3dprint.capib.ro, setzt die uneingeschr\u00e4nkte Zustimmung zu den Bedingungen voraus, unter denen diese Dienste angeboten werden und die in den folgenden Abs\u00e4tzen n\u00e4her erl\u00e4utert werden. Die Bedingungen f\u00fcr diese Dienste k\u00f6nnen jederzeit vom Anbieter ohne vorherige Mitteilung an den Nutzer ge\u00e4ndert werden. Der Nutzer hat st\u00e4ndigen Zugang zu den Bedingungen f\u00fcr die Nutzung der Dienste, um sie jederzeit einsehen zu k\u00f6nnen. Wenn der Nutzer mit den auferlegten Bedingungen nicht einverstanden ist, muss er die Nutzung unserer Dienste einstellen.<\/p><ol><li><strong> Beschreibung der Dienstleistungen<\/strong><\/li><\/ol><p>Die Website 3dprint.capib.ro bietet Informationen \u00fcber unsere Dienstleistungen und Aktivit\u00e4ten im Bereich der additiven Fertigung (3D-Druck). Die auf der Website bereitgestellten Informationen dienen nur zu Informationszwecken und k\u00f6nnen ohne vorherige Ank\u00fcndigung ge\u00e4ndert werden.<\/p><ol start=\"2\"><li><strong> Urheberrecht<\/strong><\/li><\/ol><p>Der Inhalt dieser Website, einschlie\u00dflich Texten, Bildern, Grafiken und anderen Materialien, ist urheberrechtlich gesch\u00fctzt und geh\u00f6rt CAPIB oder Dritten, mit denen wir zusammenarbeiten. Es ist Ihnen nicht gestattet, den Inhalt ohne die schriftliche Zustimmung der Urheberrechtsinhaber zu vervielf\u00e4ltigen, zu verbreiten oder zu ver\u00e4ndern.<\/p><ol start=\"3\"><li><strong> Datenschutz<\/strong><\/li><\/ol><p>Die pers\u00f6nlichen Daten, die Sie \u00fcber die Website zur Verf\u00fcgung stellen, werden gem\u00e4\u00df unserer Datenschutzrichtlinie gesch\u00fctzt. Bitte lesen Sie unsere Datenschutzrichtlinie f\u00fcr weitere Details.<\/p><ol start=\"4\"><li><strong> Haftungsbeschr\u00e4nkungen<\/strong><\/li><\/ol><p>Die Nutzung der Website erfolgt auf eigene Gefahr. CAPIB \u00fcbernimmt keine Verantwortung f\u00fcr Sch\u00e4den oder Verluste, die sich aus der Nutzung der Website oder der auf ihr bereitgestellten Informationen ergeben. Die Website kann Links zu Websites von Dritten enthalten, aber CAPIB ist nicht verantwortlich f\u00fcr den Inhalt oder die Datenschutzpolitik dieser Websites.<\/p><ol start=\"5\"><li><strong> \u00c4nderungen der Bedingungen und Konditionen<\/strong><\/li><\/ol><p>CAPIB beh\u00e4lt sich das Recht vor, den Inhalt dieser Vereinbarung jederzeit und ohne vorherige Benachrichtigung der Nutzer zu \u00e4ndern. Das Unternehmen beh\u00e4lt sich au\u00dferdem das Recht vor, die Erbringung seiner Dienstleistungen f\u00fcr jeden Nutzer zu beenden, wenn dieser gegen eine der oben genannten Bedingungen versto\u00dfen hat. Die CAPIB beh\u00e4lt sich das Recht vor, die Bereitstellung ihrer Dienste jederzeit einzustellen.<\/p><ol start=\"6\"><li><strong> Geltende Rechtsvorschriften<\/strong><\/li><\/ol><p>Diese Allgemeinen Gesch\u00e4ftsbedingungen unterliegen dem rum\u00e4nischen Recht, und alle Streitigkeiten unterliegen der Rechtsprechung der rum\u00e4nischen Gerichte.<\/p><p>7. <strong>Lieferung <span class=\"word modified\" data-words=\"Gratuit\u0103,Gratuita\">Kostenlos<\/span><\/strong><\/p><p><span class=\"word\" data-words=\"Aceast\u0103,Aceasta\">Diese<\/span> <span class=\"word\" data-words=\"ofert\u0103,oferta\">Angebot<span class=\"word modified\" data-words=\"valabil\u0103,valabila\">\u0103<\/span><\/span>\u00a0ist <span class=\"word modified\" data-words=\"valabil\u0103,valabila\">g\u00fcltig<\/span> nur f\u00fcr das Paket <span class=\"word\" data-words=\"sau,s\u0103u,\u0219au\">oder<\/span> Parzellen, die nicht <span class=\"word\" data-words=\"dep\u0103\u0219esc,depasesc\">\u00fcbersteigen<\/span> <span class=\"word\" data-words=\"suma,sum\u0103,\u0219um\u0103\">Summe<\/span> 1 Kilogramm!<\/p><p><strong>ABSCHLUSS DES ABKOMMENS<\/strong><\/p><p>Bei Fragen kontaktieren Sie uns bitte unter contact@3dprint.capib.ro.<\/p><p>\u00a0<\/p>\t\t\t\t\t\t\t\t<\/div>\n\t\t\t\t\t<\/div>\n\t\t\t\t<\/div>\n\t\t\t\t<\/div>","protected":false},"excerpt":{"rendered":"<p>Termeni \u0219i Condi\u021bii INTRODUCERE Folosirea, incluz\u00e2nd vizitarea \u0219i cump\u0103rarea produselor de pe site-ul www.3dprint.capib.ro, implic\u0103 acceptarea \u00een totalitate a termenilor \u0219i condi\u021biilor sub care sunt furnizate aceste servicii \u0219i vor fi detaliate \u00een paragrafele urm\u0103toare. Termenii \u0219i condi\u021biile acestor servicii pot fi schimbate \u00een orice moment de c\u0103tre furnizor, f\u0103r\u0103 notificarea prealabil\u0103 a utilizatorului. Utilizatorul [&hellip;]<\/p>\n","protected":false},"author":1,"featured_media":0,"parent":0,"menu_order":0,"comment_status":"closed","ping_status":"closed","template":"","meta":{"_acf_changed":false,"slim_seo":{"noindex":"1","title":"Termeni si conditii | Capib.ro","description":"Allgemeine Gesch\u00e4ftsbedingungen EINLEITUNG Durch die Nutzung, einschlie\u00dflich des Besuchs und des Kaufs von Produkten auf der Website www.3dprint.capib.ro, erkl\u00e4ren Sie sich in vollem Umfang mit folgenden Bedingungen einverstanden"},"footnotes":""},"categories":[305],"class_list":["post-3275","page","type-page","status-publish","hentry","category-not-for-index"],"acf":[],"_links":{"self":[{"href":"https:\/\/capib.ro\/3dprint\/de\/wp-json\/wp\/v2\/pages\/3275","targetHints":{"allow":["GET"]}}],"collection":[{"href":"https:\/\/capib.ro\/3dprint\/de\/wp-json\/wp\/v2\/pages"}],"about":[{"href":"https:\/\/capib.ro\/3dprint\/de\/wp-json\/wp\/v2\/types\/page"}],"author":[{"embeddable":true,"href":"https:\/\/capib.ro\/3dprint\/de\/wp-json\/wp\/v2\/users\/1"}],"replies":[{"embeddable":true,"href":"https:\/\/capib.ro\/3dprint\/de\/wp-json\/wp\/v2\/comments?post=3275"}],"version-history":[{"count":1,"href":"https:\/\/capib.ro\/3dprint\/de\/wp-json\/wp\/v2\/pages\/3275\/revisions"}],"predecessor-version":[{"id":10521,"href":"https:\/\/capib.ro\/3dprint\/de\/wp-json\/wp\/v2\/pages\/3275\/revisions\/10521"}],"wp:attachment":[{"href":"https:\/\/capib.ro\/3dprint\/de\/wp-json\/wp\/v2\/media?parent=3275"}],"wp:term":[{"taxonomy":"category","embeddable":true,"href":"https:\/\/capib.ro\/3dprint\/de\/wp-json\/wp\/v2\/categories?post=3275"}],"curies":[{"name":"wp","href":"https:\/\/api.w.org\/{rel}","templated":true}]}}