{"id":7012,"date":"2025-07-12T15:01:32","date_gmt":"2025-07-12T15:01:32","guid":{"rendered":"https:\/\/3dprint.capib.ro\/?page_id=7012"},"modified":"2026-04-16T21:42:11","modified_gmt":"2026-04-16T21:42:11","slug":"3d-druck-rumanien","status":"publish","type":"page","link":"https:\/\/capib.ro\/3dprint\/de\/3d-printing-romania\/","title":{"rendered":"3D Printing Romania &#8211; Pre\u021b Instant &#038; Printare \u00een 24 ore"},"content":{"rendered":"","protected":false},"excerpt":{"rendered":"<p>\u00ce\u021bi imprim\u0103m modelul 3D sau te ajut\u0103m s\u0103 \u00eel proiectezi de la zero \u2014 100% online. 3D Printer , oferim proiectare 3D \u0219i\u00a0 frezare pe CNC. 3D Printing Romania<\/p>","protected":false},"author":1,"featured_media":7019,"parent":0,"menu_order":0,"comment_status":"closed","ping_status":"closed","template":"","meta":{"_acf_changed":false,"slim_seo":{"description":"Servicii 3D print \u00een 3D Printing Romania \u2014 pre\u021b instant, f\u0103r\u0103 telefoane. Printare \u00een ABS, PA6, PETG, ASA, r\u0103\u0219in\u0103 dur\u0103 sau PA12 SLS. Cere ofert\u0103 acum!","title":"3D Printing Romania - Pre\u021b Instant & Printare \u00een 24 ore | Capib.ro"},"footnotes":""},"categories":[308],"class_list":["post-7012","page","type-page","status-publish","has-post-thumbnail","hentry","category-3d-printing-cuvant-cheie"],"acf":[],"_links":{"self":[{"href":"https:\/\/capib.ro\/3dprint\/de\/wp-json\/wp\/v2\/pages\/7012","targetHints":{"allow":["GET"]}}],"collection":[{"href":"https:\/\/capib.ro\/3dprint\/de\/wp-json\/wp\/v2\/pages"}],"about":[{"href":"https:\/\/capib.ro\/3dprint\/de\/wp-json\/wp\/v2\/types\/page"}],"author":[{"embeddable":true,"href":"https:\/\/capib.ro\/3dprint\/de\/wp-json\/wp\/v2\/users\/1"}],"replies":[{"embeddable":true,"href":"https:\/\/capib.ro\/3dprint\/de\/wp-json\/wp\/v2\/comments?post=7012"}],"version-history":[{"count":6,"href":"https:\/\/capib.ro\/3dprint\/de\/wp-json\/wp\/v2\/pages\/7012\/revisions"}],"predecessor-version":[{"id":11271,"href":"https:\/\/capib.ro\/3dprint\/de\/wp-json\/wp\/v2\/pages\/7012\/revisions\/11271"}],"wp:featuredmedia":[{"embeddable":true,"href":"https:\/\/capib.ro\/3dprint\/de\/wp-json\/wp\/v2\/media\/7019"}],"wp:attachment":[{"href":"https:\/\/capib.ro\/3dprint\/de\/wp-json\/wp\/v2\/media?parent=7012"}],"wp:term":[{"taxonomy":"category","embeddable":true,"href":"https:\/\/capib.ro\/3dprint\/de\/wp-json\/wp\/v2\/categories?post=7012"}],"curies":[{"name":"wp","href":"https:\/\/api.w.org\/{rel}","templated":true}]}}