{"id":7362,"date":"2025-08-05T10:29:12","date_gmt":"2025-08-05T10:29:12","guid":{"rendered":"https:\/\/3dprint.capib.ro\/?post_type=product&#038;p=7362"},"modified":"2025-08-05T15:36:29","modified_gmt":"2025-08-05T15:36:29","slug":"becherhalter-bmw-e36","status":"publish","type":"product","link":"https:\/\/capib.ro\/3dprint\/de\/product\/suport-pahare-bmw-e36\/","title":{"rendered":"BMW E36 Untersetzer | BMW E36 Zubeh\u00f6r | 70 lei"},"content":{"rendered":"<p>Zubeh\u00f6r BMW E36 | BMW E36 Getr\u00e4nkehalter | 70 lei<\/p>\n<p data-start=\"26\" data-end=\"113\">BMW E36 Cupholder - Aktualisiertes Design mit gr\u00f6\u00dferen L\u00f6chern und optionalem RedBull-Halter<\/p>\n<p data-start=\"115\" data-end=\"590\">Aktualisieren Sie die Innenausstattung Ihres Fahrzeugs mit dem neuen <a href=\"http:\/\/3dprint.capib.ro\"><strong data-start=\"160\" data-end=\"185\">BMW E36 BMW E36 Glashalter<\/strong><\/a>, Perfekt f\u00fcr BMW-Enthusiasten und alle, die ein funktionelles und stilvolles Autozubeh\u00f6r suchen. Dieser Becherhalter wurde optimiert, um perfekt in den BMW E36 zu passen, und verf\u00fcgt nun \u00fcber gr\u00f6\u00dfere L\u00f6cher, die einen besseren Sitz f\u00fcr gr\u00f6\u00dfere Getr\u00e4nke bieten. Dar\u00fcber hinaus ist dieser Halter optional mit einem <strong data-start=\"499\" data-end=\"524\">Unterst\u00fctzung f\u00fcr RedBull<\/strong>, Ein Accessoire, das eine zus\u00e4tzliche Personalisierung und N\u00fctzlichkeit bietet.<\/p>\n<p data-start=\"592\" data-end=\"910\">Hergestellt aus hochwertigem Material - <a href=\"https:\/\/dd-tuning.ro\/dlya-chogo-vikoristovuetsya-abs-plastik-v-avtomobilyah.html\"><strong data-start=\"635\" data-end=\"642\">ABS<\/strong><\/a>, das aufgrund seiner Haltbarkeit und Festigkeit h\u00e4ufig bei der Herstellung von Autoteilen verwendet wird. Es ist extrem einfach zu installieren, so dass Sie nicht brauchen einen Spezialisten, um es zu montieren. Alles, was Sie tun m\u00fcssen, ist es an der entsprechenden Stelle in Ihrem BMW E36 zu befestigen.<\/p>\n<p data-start=\"912\" data-end=\"937\"><strong data-start=\"912\" data-end=\"937\">Technische Daten:<\/strong><\/p>\n<div class=\"_tableContainer_16hzy_1\">\n<div class=\"_tableWrapper_16hzy_14 group flex w-fit flex-col-reverse\" tabindex=\"-1\">\n<table class=\"w-fit min-w-(--thread-content-width)\" data-start=\"939\" data-end=\"1406\">\n<thead data-start=\"939\" data-end=\"1002\">\n<tr data-start=\"939\" data-end=\"1002\">\n<th data-start=\"939\" data-end=\"968\" data-col-size=\"sm\">Merkmal<\/th>\n<th data-start=\"968\" data-end=\"1002\" data-col-size=\"md\">Einzelheiten<\/th>\n<\/tr>\n<\/thead>\n<tbody data-start=\"1067\" data-end=\"1406\">\n<tr data-start=\"1067\" data-end=\"1131\">\n<td data-start=\"1067\" data-end=\"1097\" data-col-size=\"sm\">Kompatibilit\u00e4t<\/td>\n<td data-start=\"1097\" data-end=\"1131\" data-col-size=\"md\">BMW E36<\/td>\n<\/tr>\n<tr data-start=\"1132\" data-end=\"1196\">\n<td data-start=\"1132\" data-end=\"1162\" data-col-size=\"sm\">Material<\/td>\n<td data-start=\"1162\" data-end=\"1196\" data-col-size=\"md\">ABS (in der Autoindustrie verwendet)<\/td>\n<\/tr>\n<tr data-start=\"1197\" data-end=\"1261\">\n<td data-start=\"1197\" data-end=\"1227\" data-col-size=\"sm\">Medienart<\/td>\n<td data-start=\"1227\" data-end=\"1261\" data-col-size=\"md\">Becherhalter und RedBull<\/td>\n<\/tr>\n<tr data-start=\"1262\" data-end=\"1341\">\n<td data-start=\"1262\" data-end=\"1292\" data-col-size=\"sm\">Einrichtung<\/td>\n<td data-start=\"1292\" data-end=\"1341\" data-col-size=\"md\">Einfacher Einbau ohne zus\u00e4tzliches Werkzeug<\/td>\n<\/tr>\n<tr data-start=\"1342\" data-end=\"1406\">\n<td data-start=\"1342\" data-end=\"1372\" data-col-size=\"sm\">Kosten der Lieferung<\/td>\n<td data-start=\"1372\" data-end=\"1406\" data-col-size=\"md\">14,99 ROZ<\/td>\n<\/tr>\n<\/tbody>\n<\/table>\n<div class=\"sticky end-(--thread-content-margin) h-0 self-end select-none\">\n<div class=\"absolute end-0 flex items-end\"><\/div>\n<\/div>\n<\/div>\n<\/div>\n<p data-start=\"1408\" data-end=\"1422\"><strong data-start=\"1408\" data-end=\"1422\">Vorteile:<\/strong><\/p>\n<ul data-start=\"1423\" data-end=\"1739\">\n<li data-start=\"1423\" data-end=\"1481\">\n<p data-start=\"1425\" data-end=\"1481\"><strong data-start=\"1425\" data-end=\"1443\">Gr\u00f6\u00dfere L\u00f6cher<\/strong> f\u00fcr einen besseren Halt der Getr\u00e4nke<\/p>\n<\/li>\n<li data-start=\"1482\" data-end=\"1566\">\n<p data-start=\"1484\" data-end=\"1566\"><strong data-start=\"1484\" data-end=\"1517\">RedBull-Unterst\u00fctzungsoption<\/strong>, perfekt f\u00fcr Liebhaber von Energydrinks<\/p>\n<\/li>\n<li data-start=\"1567\" data-end=\"1630\">\n<p data-start=\"1569\" data-end=\"1630\">Hergestellt aus <strong data-start=\"1582\" data-end=\"1589\">ABS<\/strong>, ein Material, das h\u00e4ufig im Automobilbau verwendet wird<\/p>\n<\/li>\n<li data-start=\"1631\" data-end=\"1685\">\n<p data-start=\"1633\" data-end=\"1685\"><strong data-start=\"1633\" data-end=\"1653\">Einfache Installation<\/strong> - ohne einen Spezialisten zu ben\u00f6tigen<\/p>\n<\/li>\n<li data-start=\"1686\" data-end=\"1739\">\n<p data-start=\"1688\" data-end=\"1739\"><strong data-start=\"1688\" data-end=\"1706\">Schnelle Lieferung<\/strong> zu einem g\u00fcnstigen Preis (14,99 RON)<\/p>\n<\/li>\n<\/ul>\n<p data-start=\"1741\" data-end=\"1816\">Verbessern Sie Ihr Fahrerlebnis mit einem modernen und n\u00fctzlichen Autozubeh\u00f6r!<\/p>","protected":false},"excerpt":{"rendered":"<p><strong>Zubeh\u00f6r BMW E36 | BMW E36 Getr\u00e4nkehalter | 70 lei<\/strong><\/p>\n<ul>\n<li data-start=\"2072\" data-end=\"2131\">\n<p data-start=\"2074\" data-end=\"2131\"><strong>Material: ABS - langlebig, wird in der Automobilproduktion verwendet<\/strong><\/p>\n<\/li>\n<li data-start=\"2132\" data-end=\"2156\">\n<p data-start=\"2134\" data-end=\"2156\"><strong>Lieferung: 14.99 RON<\/strong><\/p>\n<\/li>\n<li data-start=\"2157\" data-end=\"2224\">\n<p data-start=\"2159\" data-end=\"2224\"><strong>Einfach zu installieren, keine Spezialwerkzeuge erforderlich<\/strong><\/p>\n<\/li>\n<li data-start=\"2272\" data-end=\"2338\">\n<p data-start=\"2274\" data-end=\"2338\"><strong>Optionale RedBull-Unterst\u00fctzung<\/strong><\/p>\n<\/li>\n<\/ul>","protected":false},"featured_media":7365,"comment_status":"closed","ping_status":"closed","template":"","meta":{"_acf_changed":false,"slim_seo":{"description":"Aktualisierter BMW E36 Becherhalter mit gr\u00f6\u00dferen L\u00f6chern und optionalem RedBull Halter. Einfach zu installieren und aus ABS-Material. 14,99 RON Lieferung.","title":"BMW E36 Untersetzer | BMW E36 Zubeh\u00f6r | 70 lei - | | Capib.ro"}},"product_brand":[],"product_cat":[262,268],"product_tag":[],"class_list":{"0":"post-7362","1":"product","2":"type-product","3":"status-publish","4":"has-post-thumbnail","6":"product_cat-accesorii-auto","7":"product_cat-bmw","8":"product_shipping_class-shop","10":"first","11":"instock","12":"shipping-taxable","13":"purchasable","14":"product-type-variable"},"acf":[],"_links":{"self":[{"href":"https:\/\/capib.ro\/3dprint\/de\/wp-json\/wp\/v2\/product\/7362","targetHints":{"allow":["GET"]}}],"collection":[{"href":"https:\/\/capib.ro\/3dprint\/de\/wp-json\/wp\/v2\/product"}],"about":[{"href":"https:\/\/capib.ro\/3dprint\/de\/wp-json\/wp\/v2\/types\/product"}],"replies":[{"embeddable":true,"href":"https:\/\/capib.ro\/3dprint\/de\/wp-json\/wp\/v2\/comments?post=7362"}],"wp:featuredmedia":[{"embeddable":true,"href":"https:\/\/capib.ro\/3dprint\/de\/wp-json\/wp\/v2\/media\/7365"}],"wp:attachment":[{"href":"https:\/\/capib.ro\/3dprint\/de\/wp-json\/wp\/v2\/media?parent=7362"}],"wp:term":[{"taxonomy":"product_brand","embeddable":true,"href":"https:\/\/capib.ro\/3dprint\/de\/wp-json\/wp\/v2\/product_brand?post=7362"},{"taxonomy":"product_cat","embeddable":true,"href":"https:\/\/capib.ro\/3dprint\/de\/wp-json\/wp\/v2\/product_cat?post=7362"},{"taxonomy":"product_tag","embeddable":true,"href":"https:\/\/capib.ro\/3dprint\/de\/wp-json\/wp\/v2\/product_tag?post=7362"}],"curies":[{"name":"wp","href":"https:\/\/api.w.org\/{rel}","templated":true}]}}