{"id":7379,"date":"2025-08-05T15:29:09","date_gmt":"2025-08-05T15:29:09","guid":{"rendered":"https:\/\/3dprint.capib.ro\/?post_type=product&#038;p=7379"},"modified":"2025-08-05T15:36:15","modified_gmt":"2025-08-05T15:36:15","slug":"luftungsgitter-bmw-e36","status":"publish","type":"product","link":"https:\/\/capib.ro\/3dprint\/de\/product\/grila-ventilatie-bmw-e36\/","title":{"rendered":"L\u00fcftungsgitter BMW E36 | Mittelgitter BMW E36 | 49 lei"},"content":{"rendered":"<p>L\u00fcftungsgitter BMW E36 | Mittelgitter BMW E36 | 49 lei<\/p>\n<p data-start=\"184\" data-end=\"280\"><strong data-start=\"184\" data-end=\"280\">BMW E36 L\u00fcftungsgitter - Zentraler Ersatzl\u00fcfter mit verschiedenen Manometerkonfigurationen<\/strong><\/p>\n<p data-start=\"282\" data-end=\"650\">Veredeln Sie den Innenraum Ihres BMW E36 mit dem neuen <strong data-start=\"336\" data-end=\"364\">L\u00fcftungsgitter BMW E36<\/strong> Ersatz, der in verschiedenen Konfigurationen erh\u00e4ltlich ist, um den Bed\u00fcrfnissen eines jeden Fahrers gerecht zu werden. Egal, ob Sie nur eine einfache L\u00fcftungshalterung w\u00fcnschen oder Ihr Auto mit <strong data-start=\"555\" data-end=\"565\">Lehren<\/strong> f\u00fcr die \u00dcberwachung verschiedener Fahrzeugparameter ist dieses Gitter die ideale L\u00f6sung.<\/p>\n<p data-start=\"652\" data-end=\"705\">Das Gitter ist in den folgenden Konfigurationen erh\u00e4ltlich:<\/p>\n<ul data-start=\"706\" data-end=\"843\">\n<li data-start=\"706\" data-end=\"721\">\n<p data-start=\"708\" data-end=\"721\">Leerer Teller<\/p>\n<\/li>\n<li data-start=\"722\" data-end=\"740\">\n<p data-start=\"724\" data-end=\"740\">Einzelner Ventilator<\/p>\n<\/li>\n<li data-start=\"741\" data-end=\"760\">\n<p data-start=\"743\" data-end=\"760\">1 Loch 52mm<\/p>\n<\/li>\n<li data-start=\"761\" data-end=\"781\">\n<p data-start=\"763\" data-end=\"781\">2 L\u00f6cher 52mm<\/p>\n<\/li>\n<li data-start=\"782\" data-end=\"802\">\n<p data-start=\"784\" data-end=\"802\">3 L\u00f6cher 52mm<\/p>\n<\/li>\n<li data-start=\"803\" data-end=\"822\">\n<p data-start=\"805\" data-end=\"822\">1 Loch 60mm<\/p>\n<\/li>\n<li data-start=\"823\" data-end=\"843\">\n<p data-start=\"825\" data-end=\"843\"><a href=\"http:\/\/3dprint.capib.ro\">2 x 60mm L\u00f6cher<\/a><\/p>\n<\/li>\n<\/ul>\n<p data-start=\"845\" data-end=\"1206\">Dieses Teil ist aus langlebigen Materialien gefertigt, die eine schnelle Montage und eine perfekte Passform an Ihrem BMW E36 garantieren, ohne dass zus\u00e4tzliche Modifikationen erforderlich sind. Das L\u00fcftungsgitter sorgt f\u00fcr eine optimale Bel\u00fcftung und gleichzeitig f\u00fcr einen modernen Look des Armaturenbretts. Jede Konfiguration ist so konzipiert, dass sie sich harmonisch in das Innendesign des Fahrzeugs einf\u00fcgt.<\/p>\n<p data-start=\"1208\" data-end=\"1233\"><strong data-start=\"1208\" data-end=\"1233\">Technische Daten:<\/strong><\/p>\n<div class=\"_tableContainer_16hzy_1\">\n<div class=\"_tableWrapper_16hzy_14 group flex w-fit flex-col-reverse\" tabindex=\"-1\">\n<table class=\"w-fit min-w-(--thread-content-width)\" data-start=\"1235\" data-end=\"1909\">\n<thead data-start=\"1235\" data-end=\"1315\">\n<tr data-start=\"1235\" data-end=\"1315\">\n<th data-start=\"1235\" data-end=\"1268\" data-col-size=\"sm\">Merkmal<\/th>\n<th data-start=\"1268\" data-end=\"1315\" data-col-size=\"md\">Einzelheiten<\/th>\n<\/tr>\n<\/thead>\n<tbody data-start=\"1398\" data-end=\"1909\">\n<tr data-start=\"1398\" data-end=\"1479\">\n<td data-start=\"1398\" data-end=\"1432\" data-col-size=\"sm\">Kompatibilit\u00e4t<\/td>\n<td data-col-size=\"md\" data-start=\"1432\" data-end=\"1479\">BMW E36<\/td>\n<\/tr>\n<tr data-start=\"1480\" data-end=\"1560\">\n<td data-start=\"1480\" data-end=\"1514\" data-col-size=\"sm\">Material<\/td>\n<td data-col-size=\"md\" data-start=\"1514\" data-end=\"1560\"><a href=\"https:\/\/dd-tuning.ro\/dlya-chogo-vikoristovuetsya-abs-plastik-v-avtomobilyah.html\">ABS<\/a><\/td>\n<\/tr>\n<tr data-start=\"1561\" data-end=\"1663\">\n<td data-start=\"1561\" data-end=\"1595\" data-col-size=\"sm\">Verf\u00fcgbare Konfigurationen<\/td>\n<td data-col-size=\"md\" data-start=\"1595\" data-end=\"1663\">Blindplatte, Einzelentl\u00fcftung, 1-3 Messr\u00f6hren 52mm oder 1-2 Messr\u00f6hren 60mm<\/td>\n<\/tr>\n<tr data-start=\"1664\" data-end=\"1745\">\n<td data-start=\"1664\" data-end=\"1698\" data-col-size=\"sm\">Einrichtung<\/td>\n<td data-col-size=\"md\" data-start=\"1698\" data-end=\"1745\">Schnelle Montage ohne gr\u00f6\u00dfere Modifikationen<\/td>\n<\/tr>\n<tr data-start=\"1746\" data-end=\"1827\">\n<td data-start=\"1746\" data-end=\"1780\" data-col-size=\"sm\">Preis<\/td>\n<td data-col-size=\"md\" data-start=\"1780\" data-end=\"1827\">49 Sie<\/td>\n<\/tr>\n<tr data-start=\"1828\" data-end=\"1909\">\n<td data-start=\"1828\" data-end=\"1862\" data-col-size=\"sm\">Funktionsweise<\/td>\n<td data-col-size=\"md\" data-start=\"1862\" data-end=\"1909\">Zentrale Bel\u00fcftung mit Messm\u00f6glichkeiten<\/td>\n<\/tr>\n<\/tbody>\n<\/table>\n<div class=\"sticky end-(--thread-content-margin) h-0 self-end select-none\">\n<div class=\"absolute end-0 flex items-end\"><\/div>\n<\/div>\n<\/div>\n<\/div>\n<hr data-start=\"1911\" data-end=\"1914\" \/>\n<p data-start=\"1916\" data-end=\"1943\"><strong data-start=\"1916\" data-end=\"1941\">Wichtigste Vorteile:<\/strong><\/p>\n<ul data-start=\"1944\" data-end=\"2227\">\n<li data-start=\"1944\" data-end=\"2000\">\n<p data-start=\"1946\" data-end=\"2000\"><strong data-start=\"1946\" data-end=\"1970\">Mehrere Konfigurationen<\/strong> f\u00fcr Spurweite (52mm und 60mm)<\/p>\n<\/li>\n<li data-start=\"2001\" data-end=\"2059\">\n<p data-start=\"2003\" data-end=\"2059\"><strong data-start=\"2003\" data-end=\"2018\">Einfache Montage<\/strong>, ohne dass gr\u00f6\u00dfere \u00c4nderungen erforderlich sind<\/p>\n<\/li>\n<li data-start=\"2060\" data-end=\"2103\">\n<p data-start=\"2062\" data-end=\"2103\"><strong data-start=\"2062\" data-end=\"2090\">Perfekte Kompatibilit\u00e4t<\/strong> mit BMW E36<\/p>\n<\/li>\n<li data-start=\"2104\" data-end=\"2189\">\n<p data-start=\"2106\" data-end=\"2189\">Hergestellt aus <strong data-start=\"2648\" data-end=\"2661\">ABS in der Automobilindustrie<\/strong><\/p>\n<\/li>\n<li data-start=\"2190\" data-end=\"2227\">\n<p data-start=\"2192\" data-end=\"2227\"><strong data-start=\"2192\" data-end=\"2210\">Erschwinglicher Preis<\/strong> nur 49 Lei<\/p>\n<\/li>\n<\/ul>\n<p data-start=\"2229\" data-end=\"2413\">Diese <strong data-start=\"2237\" data-end=\"2263\">Mittelgrill BMW E36<\/strong> Es ist sowohl eine praktische L\u00f6sung als auch eine gro\u00dfartige M\u00f6glichkeit, den Innenraum Ihres Fahrzeugs zu personalisieren - perfekt f\u00fcr alle, die sich f\u00fcr Autotuning interessieren.<\/p>","protected":false},"excerpt":{"rendered":"<p>L\u00fcftungsgitter BMW E36 | Mittelgitter BMW E36 | 49 lei<\/p>\n<ul>\n<li data-start=\"2646\" data-end=\"2694\">\n<p data-start=\"2648\" data-end=\"2694\"><strong data-start=\"2648\" data-end=\"2661\">ABS-Material f\u00fcr die Automobilindustrie<\/strong><\/p>\n<\/li>\n<li data-start=\"2695\" data-end=\"2718\">\n<p data-start=\"2697\" data-end=\"2718\"><strong data-start=\"2697\" data-end=\"2709\">Lieferung:<\/strong> 14,99 Lei<\/p>\n<\/li>\n<li data-start=\"2719\" data-end=\"2768\">\n<p data-start=\"2721\" data-end=\"2768\"><strong data-start=\"2721\" data-end=\"2735\">Einbau:<\/strong> Schnell, keine \u00c4nderungen.<\/p>\n<\/li>\n<li data-start=\"2802\" data-end=\"2906\">\n<p data-start=\"2804\" data-end=\"2906\"><strong data-start=\"2804\" data-end=\"2833\">Mehrere Konfigurationen verf\u00fcgbar:<\/strong> Blindplatte, Einzelentl\u00fcftung, 1-3 52mm L\u00f6cher oder 1-2 60mm L\u00f6cher<\/p>\n<\/li>\n<\/ul>","protected":false},"featured_media":7389,"comment_status":"closed","ping_status":"closed","template":"","meta":{"_acf_changed":false,"slim_seo":{"description":"Ersatz BMW E36 L\u00fcftungsgitter, erh\u00e4ltlich in verschiedenen Konfigurationen. Hergestellt aus ABS verwendet in der Automobilindustrie, einfache Montage, nur 49 Lei.","title":"L\u00fcftungsgitter BMW E36 | Zentraler K\u00fchlergrill BMW E36 | 49 lei - | 49 lei - | Capib.ro"}},"product_brand":[],"product_cat":[262,268],"product_tag":[],"class_list":{"0":"post-7379","1":"product","2":"type-product","3":"status-publish","4":"has-post-thumbnail","6":"product_cat-accesorii-auto","7":"product_cat-bmw","8":"product_shipping_class-shop","10":"first","11":"instock","12":"shipping-taxable","13":"purchasable","14":"product-type-variable"},"acf":[],"_links":{"self":[{"href":"https:\/\/capib.ro\/3dprint\/de\/wp-json\/wp\/v2\/product\/7379","targetHints":{"allow":["GET"]}}],"collection":[{"href":"https:\/\/capib.ro\/3dprint\/de\/wp-json\/wp\/v2\/product"}],"about":[{"href":"https:\/\/capib.ro\/3dprint\/de\/wp-json\/wp\/v2\/types\/product"}],"replies":[{"embeddable":true,"href":"https:\/\/capib.ro\/3dprint\/de\/wp-json\/wp\/v2\/comments?post=7379"}],"wp:featuredmedia":[{"embeddable":true,"href":"https:\/\/capib.ro\/3dprint\/de\/wp-json\/wp\/v2\/media\/7389"}],"wp:attachment":[{"href":"https:\/\/capib.ro\/3dprint\/de\/wp-json\/wp\/v2\/media?parent=7379"}],"wp:term":[{"taxonomy":"product_brand","embeddable":true,"href":"https:\/\/capib.ro\/3dprint\/de\/wp-json\/wp\/v2\/product_brand?post=7379"},{"taxonomy":"product_cat","embeddable":true,"href":"https:\/\/capib.ro\/3dprint\/de\/wp-json\/wp\/v2\/product_cat?post=7379"},{"taxonomy":"product_tag","embeddable":true,"href":"https:\/\/capib.ro\/3dprint\/de\/wp-json\/wp\/v2\/product_tag?post=7379"}],"curies":[{"name":"wp","href":"https:\/\/api.w.org\/{rel}","templated":true}]}}