{"id":7593,"date":"2025-08-21T19:12:46","date_gmt":"2025-08-21T19:12:46","guid":{"rendered":"https:\/\/3dprint.capib.ro\/?post_type=product&#038;p=7593"},"modified":"2025-08-26T07:56:30","modified_gmt":"2025-08-26T07:56:30","slug":"bmw-e46-windschutzscheibe","status":"publish","type":"product","link":"https:\/\/capib.ro\/3dprint\/de\/product\/parbriz-bmw-e46\/","title":{"rendered":"Windschutzscheibe Windschutzscheibe BMW E46 | Windschutzscheibe E46 | 150 lei"},"content":{"rendered":"<p data-start=\"289\" data-end=\"597\">Verleihen Sie Ihrem Auto sein urspr\u00fcngliches Aussehen mit diesem Satz von <strong data-start=\"344\" data-end=\"384\">Teile f\u00fcr Scheibenwischer BMW E46<\/strong>, die speziell zur Erg\u00e4nzung der Windschutzscheibenmaske entwickelt wurden. Ganz gleich, ob Sie Ihre Windschutzscheibe restaurieren oder Wasserlecks und unerw\u00fcnschte Ger\u00e4usche vermeiden wollen, diese Elemente sind die praktische und erschwingliche L\u00f6sung.<\/p>\n<p data-start=\"599\" data-end=\"891\">Die Teile werden im 3D-Druckverfahren aus <strong data-start=\"643\" data-end=\"672\">Flexibles und langlebiges TPU<\/strong>, ein ideales Material f\u00fcr Dichtheit und Anpassungsf\u00e4higkeit. Ihre Konstruktion basiert auf dem sorgf\u00e4ltigen Scannen des Originalteils <strong data-start=\"792\" data-end=\"811\">OEM 51718208483<\/strong>, die eine hohe Kompatibilit\u00e4t und eine gute Passgenauigkeit bei der Herstellung gew\u00e4hrleisten.<\/p>\n<p data-start=\"893\" data-end=\"1219\">Zur Montage schneiden Sie einfach die Gummifetzen von der Windschutzscheibenmaske ab und befestigen diese bedruckten Teile. Sie k\u00f6nnen das Endst\u00fcck auf einer Seite verwenden und es f\u00fcr die andere Seite spiegeln, und durch die Multiplikation der mittleren St\u00fccke decken Sie die gesamte L\u00e4nge des Cheder. Die Montage ist schnell und einfach, ohne Spezialwerkzeug.<\/p>\n<p data-start=\"1221\" data-end=\"1449\">Auch wenn das Endst\u00fcck nicht perfekt ist, erf\u00fcllt es seine Aufgabe hervorragend und das fertige Aussehen ist sauber und funktionell - eine ideale Wahl f\u00fcr den begeisterten Bastler. <strong data-start=\"1377\" data-end=\"1388\">BMW E46<\/strong> die ihr Auto so authentisch wie m\u00f6glich erhalten wollen.<\/p>\n<p data-start=\"1451\" data-end=\"1484\">\u2705 <strong data-start=\"1453\" data-end=\"1482\">Hauptmerkmale<\/strong><\/p>\n<div class=\"_tableContainer_1rjym_1\">\n<div class=\"_tableWrapper_1rjym_13 group flex w-fit flex-col-reverse\" tabindex=\"-1\">\n<table class=\"w-fit min-w-(--thread-content-width)\" data-start=\"1486\" data-end=\"2107\">\n<thead data-start=\"1486\" data-end=\"1523\">\n<tr data-start=\"1486\" data-end=\"1523\">\n<th data-start=\"1486\" data-end=\"1512\" data-col-size=\"sm\">Merkmal<\/th>\n<th data-start=\"1512\" data-end=\"1523\" data-col-size=\"md\">Einzelheiten<\/th>\n<\/tr>\n<\/thead>\n<tbody data-start=\"1563\" data-end=\"2107\">\n<tr data-start=\"1563\" data-end=\"1601\">\n<td data-start=\"1563\" data-end=\"1590\" data-col-size=\"sm\">Kompatibilit\u00e4t<\/td>\n<td data-col-size=\"md\" data-start=\"1590\" data-end=\"1601\">BMW E46<\/td>\n<\/tr>\n<tr data-start=\"1602\" data-end=\"1648\">\n<td data-start=\"1602\" data-end=\"1629\" data-col-size=\"sm\">Teil Typ<\/td>\n<td data-col-size=\"md\" data-start=\"1629\" data-end=\"1648\">Windschutzscheibenwischer<\/td>\n<\/tr>\n<tr data-start=\"1649\" data-end=\"1705\">\n<td data-start=\"1649\" data-end=\"1676\" data-col-size=\"sm\">Material<\/td>\n<td data-col-size=\"md\" data-start=\"1676\" data-end=\"1705\">TPU (flexibel, langlebig)<\/td>\n<\/tr>\n<tr data-start=\"1706\" data-end=\"1774\">\n<td data-start=\"1706\" data-end=\"1733\" data-col-size=\"sm\">Herstellungsverfahren<\/td>\n<td data-col-size=\"md\" data-start=\"1733\" data-end=\"1774\">3D-Druck, OEM-basiert 51718208483<\/td>\n<\/tr>\n<tr data-start=\"1775\" data-end=\"1837\">\n<td data-start=\"1775\" data-end=\"1802\" data-col-size=\"sm\">Inklusive Teile<\/td>\n<td data-col-size=\"md\" data-start=\"1802\" data-end=\"1837\">Zwischenk\u00f6pfe und Segmente<\/td>\n<\/tr>\n<tr data-start=\"1838\" data-end=\"1927\">\n<td data-start=\"1838\" data-end=\"1865\" data-col-size=\"sm\">montage<\/td>\n<td data-col-size=\"md\" data-start=\"1865\" data-end=\"1927\">Einfach - schneiden Sie die Reste ab und kleben Sie die bedruckten Teile auf.<\/td>\n<\/tr>\n<tr data-start=\"1928\" data-end=\"1995\">\n<td data-start=\"1928\" data-end=\"1955\" data-col-size=\"sm\">Anpassungsm\u00f6glichkeiten<\/td>\n<td data-col-size=\"md\" data-start=\"1955\" data-end=\"1995\">Ja, nach Anzahl der Zwischenteile<\/td>\n<\/tr>\n<tr data-start=\"1996\" data-end=\"2033\">\n<td data-start=\"1996\" data-end=\"2023\" data-col-size=\"sm\">Preis<\/td>\n<td data-col-size=\"md\" data-start=\"2023\" data-end=\"2033\">200 Lei<\/td>\n<\/tr>\n<tr data-start=\"2034\" data-end=\"2107\">\n<td data-start=\"2034\" data-end=\"2061\" data-col-size=\"sm\">Verwenden Sie<\/td>\n<td data-col-size=\"md\" data-start=\"2061\" data-end=\"2107\">Restaurierung, Reparatur und Wartung von Windschutzscheiben<\/td>\n<\/tr>\n<\/tbody>\n<\/table>\n<\/div>\n<\/div>\n<p data-start=\"2109\" data-end=\"2310\">Lassen Sie nicht zu, dass Ihre Windschutzscheibe das Aussehen oder den Komfort Ihres Autos beeintr\u00e4chtigt - erg\u00e4nzen Sie sie mit diesen <strong data-start=\"2210\" data-end=\"2251\">Bedruckte Teile f\u00fcr Windschutzscheibe BMW E46<\/strong> und genie\u00dfen Sie eine bessere Abdichtung und ein originelles Aussehen.<\/p>\n<p data-start=\"2312\" data-end=\"2421\">\ud83d\udd27 <strong data-start=\"2315\" data-end=\"2331\">Jetzt bestellen<\/strong> und geben Sie Ihrem E46 ein praktisches und langlebiges Detail, das speziell f\u00fcr Enthusiasten gemacht ist!<\/p>","protected":false},"excerpt":{"rendered":"<h5><strong>Windschutzscheibe BMW E46 | Chedere Windschutzscheibe e46 | <\/strong><\/h5>\n<ul>\n<li>\n<h5><strong>Material : TPU Flexibler Gummi<\/strong><\/h5>\n<\/li>\n<li>\n<h5><strong>Kompatibel mit allen E46-Modellen<\/strong><\/h5>\n<\/li>\n<li>\n<h5><strong>Schnelle Lieferung 14,99 Lei<\/strong><\/h5>\n<\/li>\n<li>\n<h5><strong>Schneiden Sie die Reste des Gummiteils der Windschutzmaske ab und bringen Sie diese bedruckten Teile an.<\/strong><\/h5>\n<h3 data-start=\"137\" data-end=\"177\"><\/h3>\n<\/li>\n<\/ul>","protected":false},"featured_media":7594,"comment_status":"closed","ping_status":"closed","template":"","meta":{"_acf_changed":false,"slim_seo":{"description":"BMW E46 BMW E46 Scheibenwischerteile, 3D gedruckt aus flexiblem TPU. OEM-kompatibel 51718208483, ideal f\u00fcr die Restaurierung und Abdichtung von Windschutzscheiben.","title":"Scheibenwischer BMW E46 | Windschutzscheibe E46 | 150 lei - | Capib.ro"}},"product_brand":[],"product_cat":[262,268],"product_tag":[],"class_list":{"0":"post-7593","1":"product","2":"type-product","3":"status-publish","4":"has-post-thumbnail","6":"product_cat-accesorii-auto","7":"product_cat-bmw","8":"product_shipping_class-comanda-personalizata","9":"product_shipping_class-shop","11":"first","12":"instock","13":"shipping-taxable","14":"purchasable","15":"product-type-simple"},"acf":[],"_links":{"self":[{"href":"https:\/\/capib.ro\/3dprint\/de\/wp-json\/wp\/v2\/product\/7593","targetHints":{"allow":["GET"]}}],"collection":[{"href":"https:\/\/capib.ro\/3dprint\/de\/wp-json\/wp\/v2\/product"}],"about":[{"href":"https:\/\/capib.ro\/3dprint\/de\/wp-json\/wp\/v2\/types\/product"}],"replies":[{"embeddable":true,"href":"https:\/\/capib.ro\/3dprint\/de\/wp-json\/wp\/v2\/comments?post=7593"}],"wp:featuredmedia":[{"embeddable":true,"href":"https:\/\/capib.ro\/3dprint\/de\/wp-json\/wp\/v2\/media\/7594"}],"wp:attachment":[{"href":"https:\/\/capib.ro\/3dprint\/de\/wp-json\/wp\/v2\/media?parent=7593"}],"wp:term":[{"taxonomy":"product_brand","embeddable":true,"href":"https:\/\/capib.ro\/3dprint\/de\/wp-json\/wp\/v2\/product_brand?post=7593"},{"taxonomy":"product_cat","embeddable":true,"href":"https:\/\/capib.ro\/3dprint\/de\/wp-json\/wp\/v2\/product_cat?post=7593"},{"taxonomy":"product_tag","embeddable":true,"href":"https:\/\/capib.ro\/3dprint\/de\/wp-json\/wp\/v2\/product_tag?post=7593"}],"curies":[{"name":"wp","href":"https:\/\/api.w.org\/{rel}","templated":true}]}}