{"id":8102,"date":"2025-10-02T16:30:16","date_gmt":"2025-10-02T16:30:16","guid":{"rendered":"https:\/\/3dprint.capib.ro\/?post_type=product&#038;p=8102"},"modified":"2025-10-02T16:39:53","modified_gmt":"2025-10-02T16:39:53","slug":"barbie-figuren","status":"publish","type":"product","link":"https:\/\/capib.ro\/3dprint\/de\/product\/figurine-figurina-barbie\/","title":{"rendered":"Figuren | Weihnachtsfiguren | Barbie-Figur | 1200 Lei"},"content":{"rendered":"<p data-start=\"283\" data-end=\"740\">Unsere Sammlung von <strong data-start=\"303\" data-end=\"315\">Figur<\/strong> wurde f\u00fcr all jene geschaffen, die die Kunst, die Details und die Sch\u00f6nheit hochwertiger dekorativer Objekte sch\u00e4tzen. Jedes St\u00fcck wird mit Leidenschaft und Sorgfalt hergestellt, und das Material der Wahl - Harz - erm\u00f6glicht eine spektakul\u00e4re Detailgenauigkeit. Das 3D-Druckverfahren von <a href=\"https:\/\/phrozen3d.com\/blogs\/guides\/how-does-a-resin-3d-printer-work\">Harz<\/a> wird durch sorgf\u00e4ltige Handbemalung erg\u00e4nzt, die jedes einzelne <strong data-start=\"660\" data-end=\"672\">Figurine<\/strong> in ein einzigartiges St\u00fcck mit einer sch\u00f6nen Oberfl\u00e4che und einem professionellen Aussehen.<\/p>\n<p data-start=\"742\" data-end=\"1127\">Unsere Modelle umfassen <strong data-start=\"778\" data-end=\"797\">Barbie-Figur<\/strong>, a <a href=\"https:\/\/capib.ro\/3dprint\/de\/\">zwischen<\/a> die wegen ihrer Eleganz und Sch\u00f6nheit am meisten gesch\u00e4tzten Kreationen. Sie ist mit feinen Nuancen und Details handbemalt, um ihr ein realistisches und ansprechendes Aussehen zu verleihen. F\u00fcr Sammler, Liebhaber oder einfach f\u00fcr diejenigen, die ein besonderes Geschenk suchen, <strong data-start=\"1076\" data-end=\"1095\">Barbie-Figur<\/strong> ist die perfekte Wahl.<\/p>\n<p data-start=\"1129\" data-end=\"1537\">Neben den klassischen Modellen bereiten wir auch eine breite Palette von <strong data-start=\"1186\" data-end=\"1206\">Weihnachtsfiguren<\/strong>, ideal, um Ihr Zuhause f\u00fcr die Weihnachtszeit zu dekorieren. Diese Figuren verleihen Ihrem Zuhause einen zus\u00e4tzlichen Hauch von Magie und festlicher Atmosph\u00e4re, perfekt um eine m\u00e4rchenhafte Ecke zu schaffen. Ob Weihnachtsmann, Winterfiguren oder thematische Dekorationen, jedes St\u00fcck wird mit der gleichen Sorgfalt und Liebe zum Detail hergestellt.<\/p>\n<p data-start=\"1539\" data-end=\"1784\">Wenn Sie auf der Suche nach <strong data-start=\"1566\" data-end=\"1578\">Aufkleber<\/strong> Die Kombination von Qualit\u00e4t, Originalit\u00e4t und Sch\u00f6nheit, hier finden Sie genau das, was Sie wollen. Unsere Produkte sind nicht einfach nur Dekorationen, sondern kleine Kunstwerke, die beeindrucken sollen.<\/p>\n<p data-start=\"1786\" data-end=\"2070\">W\u00e4hlen Sie <strong data-start=\"1792\" data-end=\"1804\">Figur<\/strong> professionell gefertigt, mit tadelloser Verarbeitung und handbemalt. Ob Sie eine <strong data-start=\"1901\" data-end=\"1920\">Barbie-Figur<\/strong> sammelbar oder <strong data-start=\"1937\" data-end=\"1957\">Weihnachtsfiguren<\/strong> um die Atmosph\u00e4re der Weihnachtszeit in Ihr Haus zu bringen, k\u00f6nnen Sie sicher sein, dass jedes Produkt von h\u00f6chster Qualit\u00e4t ist.<\/p>\n<hr data-start=\"2072\" data-end=\"2075\" \/>","protected":false},"excerpt":{"rendered":"<h4 data-start=\"264\" data-end=\"509\">Figuren | Weihnachtsfiguren | Barbie-Figur<\/h4>\n<ul>\n<li data-start=\"0\" data-end=\"46\">\n<p data-start=\"2\" data-end=\"46\">Mit Leidenschaft und Liebe zum Detail hergestellt<\/p>\n<\/li>\n<li data-start=\"47\" data-end=\"99\">\n<p data-start=\"49\" data-end=\"99\">3D-gedruckte und handbemalte Harz-Barbie<\/p>\n<\/li>\n<li data-start=\"100\" data-end=\"143\">\n<p data-start=\"102\" data-end=\"143\">Hochwertige Verarbeitung und Spitzenqualit\u00e4t<\/p>\n<\/li>\n<li data-start=\"144\" data-end=\"202\">\n<p data-start=\"146\" data-end=\"202\">Geeignet als Dekoration oder Geschenk (auch zu Weihnachten)<\/p>\n<\/li>\n<li data-start=\"203\" data-end=\"222\">\n<p data-start=\"205\" data-end=\"222\">H\u00f6he: 20 cm<\/p>\n<\/li>\n<li data-start=\"223\" data-end=\"260\">\n<p data-start=\"225\" data-end=\"260\">Individuelle Farben nach Ihrer Wahl<\/p>\n<\/li>\n<li data-start=\"261\" data-end=\"288\" data-is-last-node=\"\">\n<p data-start=\"263\" data-end=\"288\" data-is-last-node=\"\">Preis beinhaltet nicht die Box<\/p>\n<\/li>\n<\/ul>\n<p>&nbsp;<\/p>","protected":false},"featured_media":8109,"comment_status":"closed","ping_status":"closed","template":"","meta":{"_acf_changed":false,"slim_seo":{"description":"Handbemalte Kunstharz-Figuren - Premium-Qualit\u00e4t. Entdecken Sie die Barbie-Figur und die Kollektion der einzigartigen und eleganten Weihnachtsfiguren.","title":"Figuren | Weihnachtsfiguren | Barbie Figur | 1200 lei - | | Capib.ro"}},"product_brand":[],"product_cat":[259],"product_tag":[],"class_list":{"0":"post-8102","1":"product","2":"type-product","3":"status-publish","4":"has-post-thumbnail","6":"product_cat-figurine","7":"product_shipping_class-comanda-personalizata","8":"product_shipping_class-shop","10":"first","11":"instock","12":"shipping-taxable","13":"purchasable","14":"product-type-simple"},"acf":[],"_links":{"self":[{"href":"https:\/\/capib.ro\/3dprint\/de\/wp-json\/wp\/v2\/product\/8102","targetHints":{"allow":["GET"]}}],"collection":[{"href":"https:\/\/capib.ro\/3dprint\/de\/wp-json\/wp\/v2\/product"}],"about":[{"href":"https:\/\/capib.ro\/3dprint\/de\/wp-json\/wp\/v2\/types\/product"}],"replies":[{"embeddable":true,"href":"https:\/\/capib.ro\/3dprint\/de\/wp-json\/wp\/v2\/comments?post=8102"}],"wp:featuredmedia":[{"embeddable":true,"href":"https:\/\/capib.ro\/3dprint\/de\/wp-json\/wp\/v2\/media\/8109"}],"wp:attachment":[{"href":"https:\/\/capib.ro\/3dprint\/de\/wp-json\/wp\/v2\/media?parent=8102"}],"wp:term":[{"taxonomy":"product_brand","embeddable":true,"href":"https:\/\/capib.ro\/3dprint\/de\/wp-json\/wp\/v2\/product_brand?post=8102"},{"taxonomy":"product_cat","embeddable":true,"href":"https:\/\/capib.ro\/3dprint\/de\/wp-json\/wp\/v2\/product_cat?post=8102"},{"taxonomy":"product_tag","embeddable":true,"href":"https:\/\/capib.ro\/3dprint\/de\/wp-json\/wp\/v2\/product_tag?post=8102"}],"curies":[{"name":"wp","href":"https:\/\/api.w.org\/{rel}","templated":true}]}}