{"id":7460,"date":"2025-08-18T16:10:04","date_gmt":"2025-08-18T16:10:04","guid":{"rendered":"https:\/\/3dprint.capib.ro\/?post_type=product&#038;p=7460"},"modified":"2025-08-18T16:10:58","modified_gmt":"2025-08-18T16:10:58","slug":"bmw-accessories","status":"publish","type":"product","link":"https:\/\/capib.ro\/3dprint\/en\/product\/bmw-accesorii\/","title":{"rendered":"BMW Accessories | Cup holders bmw 4 series | 30 lei"},"content":{"rendered":"<p data-start=\"381\" data-end=\"907\">BMW is a brand renowned for its outstanding performance and innovative design. To enhance the comfort and functionality of BMW cars, there's a wide range of accessories, and one of the most popular is <strong data-start=\"613\" data-end=\"651\">BMW 4 Series cup holder<\/strong>. This accessory, which fits neatly into dedicated compartments inside the vehicle, is made from <strong data-start=\"771\" data-end=\"787\">ABS material<\/strong>, a high-quality plastic commonly used in the automotive industry for its durability and impact resistance.<\/p>\n<p data-start=\"909\" data-end=\"1360\"><strong data-start=\"909\" data-end=\"947\">BMW 4 Series cup holder<\/strong> offers a practical solution to keep drinks within reach while traveling. It adds extra convenience by being easy to fit and use, and the ABS material used guarantees long life and resistance to everyday wear and tear. Priced at just 14.99 lei, this accessory is a great choice for any BMW owner looking to enhance their driving experience.<\/p>\n<p data-start=\"1362\" data-end=\"1840\"><strong data-start=\"1362\" data-end=\"1380\">ABS material<\/strong> is preferred in the production of automotive components due to its excellent properties. Due to its resistance to shock and varying temperature conditions, ABS is frequently used for exterior and interior vehicle parts, including accessories and design elements. This material not only ensures superior performance, but also a modern aesthetic appearance, perfectly complementing the sophisticated design of a BMW.<\/p>\n<p data-start=\"1842\" data-end=\"2206\">For more information on available BMW accessories and other quality products, visit <a class=\"\" href=\"https:\/\/capib.ro\/3dprint\/en\/\" target=\"_new\" rel=\"noopener\" data-start=\"1951\" data-end=\"1995\">3dprint.capib.ro<\/a>. Also, if you want to find out more about using <strong data-start=\"2059\" data-end=\"2079\">ABS material<\/strong> in the automotive industry <a class=\"\" href=\"https:\/\/dd-tuning.ro\/dlya-chogo-vikoristovuetsya-abs-plastik-v-avtomobilyah.html\" target=\"_new\" rel=\"noopener\" data-start=\"2109\" data-end=\"2205\">dd-tuning.ro<\/a>.<\/p>\n<h3 data-start=\"2208\" data-end=\"2218\">Table:<\/h3>\n<div class=\"_tableContainer_1rjym_1\">\n<div class=\"_tableWrapper_1rjym_13 group flex w-fit flex-col-reverse\" tabindex=\"-1\">\n<table class=\"w-fit min-w-(--thread-content-width)\" data-start=\"2219\" data-end=\"2479\">\n<thead data-start=\"2219\" data-end=\"2255\">\n<tr data-start=\"2219\" data-end=\"2255\">\n<th data-start=\"2219\" data-end=\"2238\" data-col-size=\"sm\">Main word<\/th>\n<th data-start=\"2238\" data-end=\"2255\" data-col-size=\"md\">BMW Accessories<\/th>\n<\/tr>\n<\/thead>\n<tbody data-start=\"2293\" data-end=\"2479\">\n<tr data-start=\"2293\" data-end=\"2341\">\n<td data-start=\"2293\" data-end=\"2312\" data-col-size=\"sm\">Secondary word<\/td>\n<td data-col-size=\"md\" data-start=\"2312\" data-end=\"2341\">Cup holder BMW 4 Series<\/td>\n<\/tr>\n<tr data-start=\"2342\" data-end=\"2369\">\n<td data-start=\"2342\" data-end=\"2362\" data-col-size=\"sm\">Material used<\/td>\n<td data-col-size=\"md\" data-start=\"2362\" data-end=\"2369\">ABS used in the automotive industry<\/td>\n<\/tr>\n<tr data-start=\"2370\" data-end=\"2402\">\n<td data-start=\"2370\" data-end=\"2389\" data-col-size=\"sm\">Price<\/td>\n<td data-col-size=\"md\" data-start=\"2389\" data-end=\"2402\">30 lei<\/td>\n<\/tr>\n<tr data-start=\"2403\" data-end=\"2479\">\n<td data-start=\"2403\" data-end=\"2422\" data-col-size=\"sm\">Functionality<\/td>\n<td data-col-size=\"md\" data-start=\"2422\" data-end=\"2479\">Improves interior comfort and practicality<\/td>\n<\/tr>\n<\/tbody>\n<\/table>\n<\/div>\n<\/div>","protected":false},"excerpt":{"rendered":"<article class=\"text-token-text-primary w-full focus:outline-none scroll-mt-[calc(var(--header-height)+min(200px,max(70px,20svh)))]\" dir=\"auto\" tabindex=\"-1\" data-turn-id=\"request-68a34b10-d6fc-832a-872e-eb47c72385c1-2\" data-testid=\"conversation-turn-8\" data-scroll-anchor=\"true\" data-turn=\"assistant\">\n<div class=\"text-base my-auto mx-auto pb-10 [--thread-content-margin:--spacing(4)] @[37rem]:[--thread-content-margin:--spacing(6)] @[72rem]:[--thread-content-margin:--spacing(16)] px-(--thread-content-margin)\">\n<div class=\"[--thread-content-max-width:32rem] @[34rem]:[--thread-content-max-width:40rem] @[64rem]:[--thread-content-max-width:48rem] mx-auto max-w-(--thread-content-max-width) flex-1 group\/turn-messages focus-visible:outline-hidden relative flex w-full min-w-0 flex-col agent-turn\" tabindex=\"-1\">\n<div class=\"flex max-w-full flex-col grow\">\n<div class=\"min-h-8 text-message relative flex w-full flex-col items-end gap-2 text-start break-words whitespace-normal [.text-message+&amp;]:mt-5\" dir=\"auto\" data-message-author-role=\"assistant\" data-message-id=\"36d35ad9-43b2-4715-9832-6dff927c3398\" data-message-model-slug=\"gpt-5\">\n<div class=\"flex w-full flex-col gap-1 empty:hidden first:pt-[3px]\">\n<div class=\"markdown prose dark:prose-invert w-full break-words light markdown-new-styling\">\n<ul data-start=\"39\" data-end=\"525\" data-is-last-node=\"\" data-is-only-node=\"\">\n<li data-start=\"39\" data-end=\"129\">\n<p data-start=\"41\" data-end=\"129\"><strong data-start=\"41\" data-end=\"73\">Accesoriu pentru BMW Seria 4 Gran Coupe 2020 , se potriveste si la alte modele de BMW dar trebuie verificat.<\/strong><\/p>\n<\/li>\n<li data-start=\"39\" data-end=\"129\">\n<p data-start=\"41\" data-end=\"129\"><strong data-start=\"349\" data-end=\"367\">Livrare rapid\u0103<\/strong>: <strong data-start=\"374\" data-end=\"387\" data-is-only-node=\"\">14.99 lei<\/strong><\/p>\n<\/li>\n<li data-start=\"130\" data-end=\"231\">\n<p data-start=\"132\" data-end=\"231\"><strong data-start=\"132\" data-end=\"156\">Material de calitate<\/strong>: Fabricat din <strong data-start=\"171\" data-end=\"187\" data-is-only-node=\"\">material ABS<\/strong> folosit in industria auto.<\/p>\n<\/li>\n<li data-start=\"232\" data-end=\"346\">\n<p data-start=\"234\" data-end=\"346\"><b>Setul Include :\u00a0 <\/b>Suport cu gaura de 54 mm pentru RedBull \u0219i 67 mm pentru Monster Energy sau alte doze similare care se potrivesc.<\/p>\n<\/li>\n<li data-start=\"431\" data-end=\"525\" data-is-last-node=\"\">\n<p data-start=\"433\" data-end=\"525\" data-is-last-node=\"\"><strong data-start=\"433\" data-end=\"451\">U\u0219or de montat<\/strong>: Instalare rapid\u0103 \u0219i simpl\u0103, f\u0103r\u0103 modific\u0103ri permanente ale interiorului.<\/p>\n<\/li>\n<\/ul>\n<\/div>\n<\/div>\n<\/div>\n<\/div>\n<div class=\"flex min-h-[46px] justify-start\"><\/div>\n<div class=\"mt-3 w-full empty:hidden\">\n<div class=\"text-center\"><\/div>\n<\/div>\n<\/div>\n<\/div>\n<\/article>\n<div class=\"pointer-events-none h-px w-px\" aria-hidden=\"true\" data-edge=\"true\"><\/div>\n","protected":false},"featured_media":7462,"comment_status":"closed","ping_status":"closed","template":"","meta":{"_acf_changed":false,"slim_seo":{"description":"Purchase the BMW 4 Series Cup Holder in high quality ABS material. Add comfort to the interior of your BMW!","title":"BMW Accessories | Cup holders bmw 4 series | 30 lei - | | Capib.ro"}},"product_brand":[],"product_cat":[262,268,96],"product_tag":[],"class_list":{"0":"post-7460","1":"product","2":"type-product","3":"status-publish","4":"has-post-thumbnail","6":"product_cat-accesorii-auto","7":"product_cat-bmw","8":"product_cat-magazin","9":"product_shipping_class-shop","11":"first","12":"instock","13":"shipping-taxable","14":"purchasable","15":"product-type-simple"},"acf":[],"_links":{"self":[{"href":"https:\/\/capib.ro\/3dprint\/en\/wp-json\/wp\/v2\/product\/7460","targetHints":{"allow":["GET"]}}],"collection":[{"href":"https:\/\/capib.ro\/3dprint\/en\/wp-json\/wp\/v2\/product"}],"about":[{"href":"https:\/\/capib.ro\/3dprint\/en\/wp-json\/wp\/v2\/types\/product"}],"replies":[{"embeddable":true,"href":"https:\/\/capib.ro\/3dprint\/en\/wp-json\/wp\/v2\/comments?post=7460"}],"wp:featuredmedia":[{"embeddable":true,"href":"https:\/\/capib.ro\/3dprint\/en\/wp-json\/wp\/v2\/media\/7462"}],"wp:attachment":[{"href":"https:\/\/capib.ro\/3dprint\/en\/wp-json\/wp\/v2\/media?parent=7460"}],"wp:term":[{"taxonomy":"product_brand","embeddable":true,"href":"https:\/\/capib.ro\/3dprint\/en\/wp-json\/wp\/v2\/product_brand?post=7460"},{"taxonomy":"product_cat","embeddable":true,"href":"https:\/\/capib.ro\/3dprint\/en\/wp-json\/wp\/v2\/product_cat?post=7460"},{"taxonomy":"product_tag","embeddable":true,"href":"https:\/\/capib.ro\/3dprint\/en\/wp-json\/wp\/v2\/product_tag?post=7460"}],"curies":[{"name":"wp","href":"https:\/\/api.w.org\/{rel}","templated":true}]}}