{"id":10570,"date":"2026-04-02T23:11:39","date_gmt":"2026-04-02T23:11:39","guid":{"rendered":"https:\/\/3dprint.capib.ro\/?page_id=10570"},"modified":"2026-04-16T21:39:22","modified_gmt":"2026-04-16T21:39:22","slug":"printare-3d-1-piatra-neamt","status":"publish","type":"page","link":"https:\/\/capib.ro\/3dprint\/printare-3d-1-piatra-neamt\/","title":{"rendered":"Printare 3D Piatra Neam\u021b &#8211; Pre\u021b Instant &#038; Printare \u00een 24 ore"},"content":{"rendered":"","protected":false},"excerpt":{"rendered":"","protected":false},"author":1,"featured_media":0,"parent":0,"menu_order":0,"comment_status":"closed","ping_status":"closed","template":"","meta":{"_acf_changed":false,"slim_seo":{"description":"Servicii Printare 3D \u00een Piatra Neam\u021b \u2014 pre\u021b instant, f\u0103r\u0103 telefoane. Printare \u00een ABS, PA6, PETG, ASA, r\u0103\u0219in\u0103 dur\u0103 sau PA12 SLS. Cere ofert\u0103 acum!","title":"Printare 3D Piatra Neam\u021b - Pre\u021b Instant & Printare \u00een 24 ore | Capib.ro"},"footnotes":""},"categories":[307],"class_list":["post-10570","page","type-page","status-publish","hentry","category-printare-3d-cuvant-cheie"],"acf":[],"_links":{"self":[{"href":"https:\/\/capib.ro\/3dprint\/wp-json\/wp\/v2\/pages\/10570","targetHints":{"allow":["GET"]}}],"collection":[{"href":"https:\/\/capib.ro\/3dprint\/wp-json\/wp\/v2\/pages"}],"about":[{"href":"https:\/\/capib.ro\/3dprint\/wp-json\/wp\/v2\/types\/page"}],"author":[{"embeddable":true,"href":"https:\/\/capib.ro\/3dprint\/wp-json\/wp\/v2\/users\/1"}],"replies":[{"embeddable":true,"href":"https:\/\/capib.ro\/3dprint\/wp-json\/wp\/v2\/comments?post=10570"}],"version-history":[{"count":2,"href":"https:\/\/capib.ro\/3dprint\/wp-json\/wp\/v2\/pages\/10570\/revisions"}],"predecessor-version":[{"id":11292,"href":"https:\/\/capib.ro\/3dprint\/wp-json\/wp\/v2\/pages\/10570\/revisions\/11292"}],"wp:attachment":[{"href":"https:\/\/capib.ro\/3dprint\/wp-json\/wp\/v2\/media?parent=10570"}],"wp:term":[{"taxonomy":"category","embeddable":true,"href":"https:\/\/capib.ro\/3dprint\/wp-json\/wp\/v2\/categories?post=10570"}],"curies":[{"name":"wp","href":"https:\/\/api.w.org\/{rel}","templated":true}]}}