{"id":7362,"date":"2025-08-05T10:29:12","date_gmt":"2025-08-05T10:29:12","guid":{"rendered":"https:\/\/3dprint.capib.ro\/?post_type=product&#038;p=7362"},"modified":"2025-08-05T15:36:29","modified_gmt":"2025-08-05T15:36:29","slug":"suport-pahare-bmw-e36","status":"publish","type":"product","link":"https:\/\/capib.ro\/3dprint\/product\/suport-pahare-bmw-e36\/","title":{"rendered":"Suport Pahare BMW E36 | Accesorii BMW E36 | 70 lei"},"content":{"rendered":"<p>Accesorii BMW E36 | Suport Pahare BMW E36 | 70 lei<\/p>\n<p data-start=\"26\" data-end=\"113\">Suport Pahare BMW E36 \u2013 Design Actualizat, cu G\u0103uri Mai Mari \u0219i Suport Op\u021bional pentru RedBull<\/p>\n<p data-start=\"115\" data-end=\"590\">Actualizeaz\u0103 interiorul ma\u0219inii tale cu noul <a href=\"http:\/\/3dprint.capib.ro\"><strong data-start=\"160\" data-end=\"185\">Suport Pahare BMW E36<\/strong><\/a>, perfect pentru pasiona\u021bii de BMW \u0219i cei care \u00ee\u0219i doresc un accesoriu auto func\u021bional \u0219i stilat. Acest suport de pahare a fost optimizat pentru a se potrivi perfect \u00een BMW E36 \u0219i acum vine cu g\u0103uri mai mari, oferind o fixare mai bun\u0103 pentru b\u0103uturi mai mari. Mai mult dec\u00e2t at\u00e2t, acest suport include op\u021bional un <strong data-start=\"499\" data-end=\"524\">suport pentru RedBull<\/strong>, un accesoriu care adaug\u0103 un plus de personalizare \u0219i utilitate.<\/p>\n<p data-start=\"592\" data-end=\"910\">Fabricat din material de \u00eenalt\u0103 calitate \u2013 <a href=\"https:\/\/dd-tuning.ro\/dlya-chogo-vikoristovuetsya-abs-plastik-v-avtomobilyah.html\"><strong data-start=\"635\" data-end=\"642\">ABS<\/strong><\/a>, ce este frecvent utilizat \u00een produc\u021bia de piese auto datorit\u0103 durabilit\u0103\u021bii \u0219i rezisten\u021bei sale. Este extrem de u\u0219or de instalat, astfel \u00eenc\u00e2t nu vei avea nevoie de un specialist pentru a-l monta. Tot ce trebuie s\u0103 faci este s\u0103-l fixezi \u00een locul dedicat din BMW E36.<\/p>\n<p data-start=\"912\" data-end=\"937\"><strong data-start=\"912\" data-end=\"937\">Specifica\u021bii tehnice:<\/strong><\/p>\n<div class=\"_tableContainer_16hzy_1\">\n<div class=\"_tableWrapper_16hzy_14 group flex w-fit flex-col-reverse\" tabindex=\"-1\">\n<table class=\"w-fit min-w-(--thread-content-width)\" data-start=\"939\" data-end=\"1406\">\n<thead data-start=\"939\" data-end=\"1002\">\n<tr data-start=\"939\" data-end=\"1002\">\n<th data-start=\"939\" data-end=\"968\" data-col-size=\"sm\">Caracteristic\u0103<\/th>\n<th data-start=\"968\" data-end=\"1002\" data-col-size=\"md\">Detalii<\/th>\n<\/tr>\n<\/thead>\n<tbody data-start=\"1067\" data-end=\"1406\">\n<tr data-start=\"1067\" data-end=\"1131\">\n<td data-start=\"1067\" data-end=\"1097\" data-col-size=\"sm\">Compatibilitate<\/td>\n<td data-start=\"1097\" data-end=\"1131\" data-col-size=\"md\">BMW E36<\/td>\n<\/tr>\n<tr data-start=\"1132\" data-end=\"1196\">\n<td data-start=\"1132\" data-end=\"1162\" data-col-size=\"sm\">Material<\/td>\n<td data-start=\"1162\" data-end=\"1196\" data-col-size=\"md\">ABS (folosit \u00een industria auto)<\/td>\n<\/tr>\n<tr data-start=\"1197\" data-end=\"1261\">\n<td data-start=\"1197\" data-end=\"1227\" data-col-size=\"sm\">Tip suport<\/td>\n<td data-start=\"1227\" data-end=\"1261\" data-col-size=\"md\">Suport pentru pahare \u0219i RedBull<\/td>\n<\/tr>\n<tr data-start=\"1262\" data-end=\"1341\">\n<td data-start=\"1262\" data-end=\"1292\" data-col-size=\"sm\">Instalare<\/td>\n<td data-start=\"1292\" data-end=\"1341\" data-col-size=\"md\">U\u0219or de instalat f\u0103r\u0103 instrumente suplimentare<\/td>\n<\/tr>\n<tr data-start=\"1342\" data-end=\"1406\">\n<td data-start=\"1342\" data-end=\"1372\" data-col-size=\"sm\">Cost livrare<\/td>\n<td data-start=\"1372\" data-end=\"1406\" data-col-size=\"md\">14.99 RON<\/td>\n<\/tr>\n<\/tbody>\n<\/table>\n<div class=\"sticky end-(--thread-content-margin) h-0 self-end select-none\">\n<div class=\"absolute end-0 flex items-end\"><\/div>\n<\/div>\n<\/div>\n<\/div>\n<p data-start=\"1408\" data-end=\"1422\"><strong data-start=\"1408\" data-end=\"1422\">Beneficii:<\/strong><\/p>\n<ul data-start=\"1423\" data-end=\"1739\">\n<li data-start=\"1423\" data-end=\"1481\">\n<p data-start=\"1425\" data-end=\"1481\"><strong data-start=\"1425\" data-end=\"1443\">G\u0103uri mai mari<\/strong> pentru o fixare mai bun\u0103 a b\u0103uturilor<\/p>\n<\/li>\n<li data-start=\"1482\" data-end=\"1566\">\n<p data-start=\"1484\" data-end=\"1566\"><strong data-start=\"1484\" data-end=\"1517\">Op\u021biune pentru suport RedBull<\/strong>, perfect pentru iubitorii de b\u0103uturi energizante<\/p>\n<\/li>\n<li data-start=\"1567\" data-end=\"1630\">\n<p data-start=\"1569\" data-end=\"1630\">Fabricat din <strong data-start=\"1582\" data-end=\"1589\">ABS<\/strong>, material utilizat des \u00een produc\u021bia auto<\/p>\n<\/li>\n<li data-start=\"1631\" data-end=\"1685\">\n<p data-start=\"1633\" data-end=\"1685\"><strong data-start=\"1633\" data-end=\"1653\">Instalare simpl\u0103<\/strong> \u2013 f\u0103r\u0103 a necesita un specialist<\/p>\n<\/li>\n<li data-start=\"1686\" data-end=\"1739\">\n<p data-start=\"1688\" data-end=\"1739\"><strong data-start=\"1688\" data-end=\"1706\">Livrare rapid\u0103<\/strong> la un pre\u021b accesibil (14.99 RON)<\/p>\n<\/li>\n<\/ul>\n<p data-start=\"1741\" data-end=\"1816\">\u00cembun\u0103t\u0103\u021be\u0219te-\u021bi experien\u021ba de condus cu un accesoriu auto modern \u0219i util!<\/p>\n","protected":false},"excerpt":{"rendered":"<p><strong>Accesorii BMW E36 | Suport Pahare BMW E36 | 70 lei<\/strong><\/p>\n<ul>\n<li data-start=\"2072\" data-end=\"2131\">\n<p data-start=\"2074\" data-end=\"2131\"><strong>Material: ABS \u2013 rezistent, utilizat \u00een produc\u021bia auto<\/strong><\/p>\n<\/li>\n<li data-start=\"2132\" data-end=\"2156\">\n<p data-start=\"2134\" data-end=\"2156\"><strong>Livrare: 14.99 RON<\/strong><\/p>\n<\/li>\n<li data-start=\"2157\" data-end=\"2224\">\n<p data-start=\"2159\" data-end=\"2224\"><strong>Instalare: U\u0219oar\u0103, f\u0103r\u0103 necesitatea unor instrumente speciale<\/strong><\/p>\n<\/li>\n<li data-start=\"2272\" data-end=\"2338\">\n<p data-start=\"2274\" data-end=\"2338\"><strong>Op\u021bional suport pentru RedBull<\/strong><\/p>\n<\/li>\n<\/ul>\n","protected":false},"featured_media":7365,"comment_status":"closed","ping_status":"closed","template":"","meta":{"_acf_changed":false,"slim_seo":{"description":"Suport Pahare BMW E36 actualizat, cu g\u0103uri mai mari \u0219i op\u021bional suport RedBull. U\u0219or de instalat \u0219i fabricat din material ABS,. Livrare 14.99 RON.","title":"Suport Pahare BMW E36 | Accesorii BMW E36 | 70 lei - | Capib.ro"}},"product_brand":[],"product_cat":[262,268],"product_tag":[],"class_list":{"0":"post-7362","1":"product","2":"type-product","3":"status-publish","4":"has-post-thumbnail","6":"product_cat-accesorii-auto","7":"product_cat-bmw","8":"product_shipping_class-shop","10":"first","11":"instock","12":"shipping-taxable","13":"purchasable","14":"product-type-variable"},"acf":[],"_links":{"self":[{"href":"https:\/\/capib.ro\/3dprint\/wp-json\/wp\/v2\/product\/7362","targetHints":{"allow":["GET"]}}],"collection":[{"href":"https:\/\/capib.ro\/3dprint\/wp-json\/wp\/v2\/product"}],"about":[{"href":"https:\/\/capib.ro\/3dprint\/wp-json\/wp\/v2\/types\/product"}],"replies":[{"embeddable":true,"href":"https:\/\/capib.ro\/3dprint\/wp-json\/wp\/v2\/comments?post=7362"}],"wp:featuredmedia":[{"embeddable":true,"href":"https:\/\/capib.ro\/3dprint\/wp-json\/wp\/v2\/media\/7365"}],"wp:attachment":[{"href":"https:\/\/capib.ro\/3dprint\/wp-json\/wp\/v2\/media?parent=7362"}],"wp:term":[{"taxonomy":"product_brand","embeddable":true,"href":"https:\/\/capib.ro\/3dprint\/wp-json\/wp\/v2\/product_brand?post=7362"},{"taxonomy":"product_cat","embeddable":true,"href":"https:\/\/capib.ro\/3dprint\/wp-json\/wp\/v2\/product_cat?post=7362"},{"taxonomy":"product_tag","embeddable":true,"href":"https:\/\/capib.ro\/3dprint\/wp-json\/wp\/v2\/product_tag?post=7362"}],"curies":[{"name":"wp","href":"https:\/\/api.w.org\/{rel}","templated":true}]}}