{"id":7429,"date":"2025-08-11T10:25:06","date_gmt":"2025-08-11T10:25:06","guid":{"rendered":"https:\/\/3dprint.capib.ro\/?post_type=product&#038;p=7429"},"modified":"2025-08-11T11:02:26","modified_gmt":"2025-08-11T11:02:26","slug":"suport-scule","status":"publish","type":"product","link":"https:\/\/capib.ro\/3dprint\/product\/suport-scule\/","title":{"rendered":"Suport Scule CNC | Suport Magnetic Scule\u200b\u200b | 70 lei"},"content":{"rendered":"<p>Suport Scule CNC | Suport Magnetic Scule\u200b | 70 lei<\/p>\n<p data-start=\"223\" data-end=\"301\"><strong data-start=\"223\" data-end=\"299\">Suport pentru frezare CNC \u2013 organizare rapid\u0103 \u0219i sigur\u0103 \u00een atelier<\/strong><\/p>\n<p data-start=\"303\" data-end=\"681\">Acest <strong data-start=\"309\" data-end=\"325\">suport <\/strong>\u00a0magnetic este solu\u021bia practic\u0103 \u0219i portabil\u0103 pentru a men\u021bine sculele CNC organizate, la \u00eendem\u00e2n\u0103 \u0219i protejate \u00een timpul lucrului. Conceput special pentru atelierele care folosesc freze CNC, produsul asigur\u0103 o fixare sigur\u0103 pe masa ma\u0219inii, utiliz\u00e2nd o baz\u0103 magnetic\u0103 puternic\u0103 sau, \u00een varianta op\u021bional\u0103, un magnet neodim pentru o prindere suplimentar\u0103. Suport Magnetic Scule\u200b<\/p>\n<p data-start=\"683\" data-end=\"956\">Fiind <strong data-start=\"689\" data-end=\"720\">un suport organizator scule<\/strong> compact, este ideal pentru depozitarea temporar\u0103 a sculelor \u00een timpul schimb\u0103rilor rapide sau pe durata unor proiecte de scurt\u0103 durat\u0103. Construc\u021bia robust\u0103, dar u\u0219oar\u0103, \u00eel face u\u0219or de transportat \u0219i repozi\u021bionat oriunde este nevoie.<\/p>\n<p data-start=\"958\" data-end=\"1216\">Designul s\u0103u inteligent ofer\u0103 spa\u021bii dedicate pentru diferite dimensiuni de <a href=\"http:\/\/3dprint.capib.ro\">scule<\/a>, protej\u00e2ndu-le <a href=\"https:\/\/dd-tuning.ro\/dlya-chogo-vikoristovuetsya-abs-plastik-v-avtomobilyah.html\">\u00eempotriva<\/a> c\u0103derii sau deterior\u0103rii. Fixarea magnetic\u0103 elimin\u0103 necesitatea de g\u0103uri, cleme sau \u0219uruburi, iar montarea \u0219i demontarea dureaz\u0103 doar c\u00e2teva secunde.<\/p>\n<p data-start=\"1218\" data-end=\"1392\">Indiferent c\u0103 lucrezi \u00eentr-un atelier profesional sau unul de hobby, acest <strong data-start=\"1293\" data-end=\"1313\">suport CNC<\/strong> \u00ee\u021bi ofer\u0103 ordine, eficien\u021b\u0103 \u0219i un plus de siguran\u021b\u0103 pentru echipamentul t\u0103u.<\/p>\n<hr data-start=\"1394\" data-end=\"1397\" \/>\n<p data-start=\"1399\" data-end=\"1424\"><strong data-start=\"1399\" data-end=\"1424\">Tabel caracteristici:<\/strong><\/p>\n<div class=\"_tableContainer_1rjym_1\">\n<div class=\"_tableWrapper_1rjym_13 group flex w-fit flex-col-reverse\" tabindex=\"-1\">\n<table class=\"w-fit min-w-(--thread-content-width)\" data-start=\"1426\" data-end=\"2351\">\n<thead data-start=\"1426\" data-end=\"1528\">\n<tr data-start=\"1426\" data-end=\"1528\">\n<th data-start=\"1426\" data-end=\"1453\" data-col-size=\"sm\">Caracteristic\u0103<\/th>\n<th data-start=\"1453\" data-end=\"1528\" data-col-size=\"sm\">Detalii<\/th>\n<\/tr>\n<\/thead>\n<tbody data-start=\"1632\" data-end=\"2351\">\n<tr data-start=\"1632\" data-end=\"1734\">\n<td data-start=\"1632\" data-end=\"1659\" data-col-size=\"sm\">Tip produs<\/td>\n<td data-start=\"1659\" data-end=\"1734\" data-col-size=\"sm\">Suport scule CNC magnetic<\/td>\n<\/tr>\n<tr data-start=\"1735\" data-end=\"1836\">\n<td data-start=\"1735\" data-end=\"1762\" data-col-size=\"sm\">Fixare<\/td>\n<td data-col-size=\"sm\" data-start=\"1762\" data-end=\"1836\">Baz\u0103 magnetic\u0103 sau magnet neodim<\/td>\n<\/tr>\n<tr data-start=\"1837\" data-end=\"1939\">\n<td data-start=\"1837\" data-end=\"1865\" data-col-size=\"sm\">Utilizare<\/td>\n<td data-col-size=\"sm\" data-start=\"1865\" data-end=\"1939\">Depozitare temporar\u0103 scule frezare CNC<\/td>\n<\/tr>\n<tr data-start=\"1940\" data-end=\"2042\">\n<td data-start=\"1940\" data-end=\"1968\" data-col-size=\"sm\">Portabilitate<\/td>\n<td data-col-size=\"sm\" data-start=\"1968\" data-end=\"2042\">U\u0219or de transportat \u0219i repozi\u021bionat<\/td>\n<\/tr>\n<tr data-start=\"2043\" data-end=\"2145\">\n<td data-start=\"2043\" data-end=\"2071\" data-col-size=\"sm\">Material<\/td>\n<td data-col-size=\"sm\" data-start=\"2071\" data-end=\"2145\">Construc\u021bie robust\u0103, rezistent\u0103 la uz<\/td>\n<\/tr>\n<tr data-start=\"2146\" data-end=\"2248\">\n<td data-start=\"2146\" data-end=\"2174\" data-col-size=\"sm\">Montare<\/td>\n<td data-col-size=\"sm\" data-start=\"2174\" data-end=\"2248\">Rapid\u0103, f\u0103r\u0103 g\u0103uri sau cleme<\/td>\n<\/tr>\n<tr data-start=\"2249\" data-end=\"2351\">\n<td data-start=\"2249\" data-end=\"2277\" data-col-size=\"sm\">Destina\u021bie<\/td>\n<td data-col-size=\"sm\" data-start=\"2277\" data-end=\"2351\">Ateliere profesionale \u0219i hobby<\/td>\n<\/tr>\n<\/tbody>\n<\/table>\n<\/div>\n<\/div>\n","protected":false},"excerpt":{"rendered":"<p><strong>Supo<\/strong>rt scule magnetic pentru frezare CNC&amp;lt;\/p&gt;<\/p>\n<ul>\n<li><strong>Fixare rapid\u0103 \u0219i sigur\u0103 pe masa ma\u0219inii<\/strong><\/li>\n<li><strong>Realizat din ABS rezistent.<\/strong><\/li>\n<li><strong>Op\u021biune cu magnet neodim pentru aderen\u021b\u0103 sporit\u0103<\/strong><\/li>\n<li><strong>U\u0219or de transportat \u0219i repozi\u021bionat<\/strong><\/li>\n<li><strong>Organizare temporar\u0103 eficient\u0103 a sculelor<\/strong><\/li>\n<li><strong>Potrivit pentru ateliere profesionale.<\/strong><\/li>\n<\/ul>\n","protected":false},"featured_media":7432,"comment_status":"closed","ping_status":"closed","template":"","meta":{"_acf_changed":false,"slim_seo":{"description":"Suport scule CNC magnetic \u2013 organizare rapid\u0103 \u0219i sigur\u0103. Portabil, cu fixare pe masa ma\u0219inii. Ideal pentru ateliere profesionale. Suport Magnetic Scule\u200b","title":"Suport Scule CNC | Suport Magnetic Scule\u200b\u200b | 70 lei - | Capib.ro"}},"product_brand":[],"product_cat":[96],"product_tag":[],"class_list":{"0":"post-7429","1":"product","2":"type-product","3":"status-publish","4":"has-post-thumbnail","6":"product_cat-magazin","7":"product_shipping_class-comanda-personalizata","8":"product_shipping_class-shop","10":"first","11":"instock","12":"shipping-taxable","13":"purchasable","14":"product-type-variable"},"acf":[],"_links":{"self":[{"href":"https:\/\/capib.ro\/3dprint\/wp-json\/wp\/v2\/product\/7429","targetHints":{"allow":["GET"]}}],"collection":[{"href":"https:\/\/capib.ro\/3dprint\/wp-json\/wp\/v2\/product"}],"about":[{"href":"https:\/\/capib.ro\/3dprint\/wp-json\/wp\/v2\/types\/product"}],"replies":[{"embeddable":true,"href":"https:\/\/capib.ro\/3dprint\/wp-json\/wp\/v2\/comments?post=7429"}],"wp:featuredmedia":[{"embeddable":true,"href":"https:\/\/capib.ro\/3dprint\/wp-json\/wp\/v2\/media\/7432"}],"wp:attachment":[{"href":"https:\/\/capib.ro\/3dprint\/wp-json\/wp\/v2\/media?parent=7429"}],"wp:term":[{"taxonomy":"product_brand","embeddable":true,"href":"https:\/\/capib.ro\/3dprint\/wp-json\/wp\/v2\/product_brand?post=7429"},{"taxonomy":"product_cat","embeddable":true,"href":"https:\/\/capib.ro\/3dprint\/wp-json\/wp\/v2\/product_cat?post=7429"},{"taxonomy":"product_tag","embeddable":true,"href":"https:\/\/capib.ro\/3dprint\/wp-json\/wp\/v2\/product_tag?post=7429"}],"curies":[{"name":"wp","href":"https:\/\/api.w.org\/{rel}","templated":true}]}}