{"id":7450,"date":"2025-08-14T07:59:42","date_gmt":"2025-08-14T07:59:42","guid":{"rendered":"https:\/\/3dprint.capib.ro\/?post_type=product&#038;p=7450"},"modified":"2025-08-14T08:04:30","modified_gmt":"2025-08-14T08:04:30","slug":"suport-pahare-bmw-e46","status":"publish","type":"product","link":"https:\/\/capib.ro\/3dprint\/product\/suport-pahare-bmw-e46\/","title":{"rendered":"Suport Pahare BMW E46 | Accesorii BMW E46 | 115 lei"},"content":{"rendered":"<p>Suport Pahare BMW E46 | Accesorii BMW E46 | 115 lei<\/p>\n<p data-start=\"277\" data-end=\"354\"><strong data-start=\"277\" data-end=\"352\">Suport Pahare BMW E46 \u2013 Solu\u021bia perfect\u0103 pentru interiorul ma\u0219inii tale<\/strong><\/p>\n<p data-start=\"356\" data-end=\"783\">Acest <strong data-start=\"362\" data-end=\"387\">Suport Pahare BMW E46<\/strong> a fost <a href=\"https:\/\/www.capib.ro\/3dprint\/\">conceput<\/a> cu precizie pentru a se potrivi perfect piesei originale , oferindu-\u021bi o integrare impecabil\u0103 \u00een interiorul vehiculului t\u0103u. Realizat din <strong data-start=\"568\" data-end=\"575\">ABS<\/strong>, material utilizat \u00een mod frecvent \u00een industria auto <a href=\"https:\/\/dd-tuning.ro\/dlya-chogo-vikoristovuetsya-abs-plastik-v-avtomobilyah.html\">datorit\u0103<\/a> durabilit\u0103\u021bii \u0219i rezisten\u021bei sale, acest suport este o op\u021biune excelent\u0103 pentru \u00eenlocuirea pieselor deteriorate sau lips\u0103 din consola central\u0103.<\/p>\n<p data-start=\"785\" data-end=\"1067\">Modelul 3D al suportului este realizat cu o aten\u021bie deosebit\u0103 la detalii, replic\u00e2nd designul original al t\u0103vii \u0219i al suporturilor pentru pahare. Acesta vine cu <strong data-start=\"945\" data-end=\"967\">conectori snap-fit<\/strong> exacti, ceea ce asigur\u0103 o instalare rapid\u0103 \u0219i f\u0103r\u0103 probleme, f\u0103r\u0103 a necesita unelte suplimentare.<\/p>\n<p data-start=\"1069\" data-end=\"1449\">Un alt avantaj este c\u0103 acest model este \u00eemp\u0103r\u021bit \u00een dou\u0103 p\u0103r\u021bi, facilit\u00e2nd procesul de imprimare 3D \u0219i asamblare. Suportul este perfect adaptat pentru o<strong data-start=\"1220\" data-end=\"1238\"> doza mare<\/strong>, oferind at\u00e2t func\u021bionalitate, c\u00e2t \u0219i stil \u00een interiorul ma\u0219inii tale.<\/p>\n<p data-start=\"1451\" data-end=\"1688\">Aceast\u0103 pies\u0103 este ideal\u0103 pentru restaurarea sau personalizarea interiorului vehiculului t\u0103u BMW E46, aduc\u00e2nd un plus de confort \u0219i estetic\u0103. \u00cenlocuie\u0219te piesele vechi sau deteriorate cu acest suport inovativ, economisind timp \u0219i bani.<\/p>\n<hr data-start=\"1690\" data-end=\"1693\" \/>\n<p data-start=\"1695\" data-end=\"1720\"><strong data-start=\"1695\" data-end=\"1720\">Tabel caracteristici:<\/strong><\/p>\n<div class=\"_tableContainer_1rjym_1\">\n<div class=\"_tableWrapper_1rjym_13 group flex w-fit flex-col-reverse\" tabindex=\"-1\">\n<table class=\"w-fit min-w-(--thread-content-width)\" data-start=\"1722\" data-end=\"2555\">\n<thead data-start=\"1722\" data-end=\"1805\">\n<tr data-start=\"1722\" data-end=\"1805\">\n<th data-start=\"1722\" data-end=\"1750\" data-col-size=\"sm\">Caracteristic\u0103<\/th>\n<th data-start=\"1750\" data-end=\"1805\" data-col-size=\"md\">Detalii<\/th>\n<\/tr>\n<\/thead>\n<tbody data-start=\"1890\" data-end=\"2555\">\n<tr data-start=\"1890\" data-end=\"1972\">\n<td data-start=\"1890\" data-end=\"1918\" data-col-size=\"sm\">Compatibilitate<\/td>\n<td data-col-size=\"md\" data-start=\"1918\" data-end=\"1972\">Pies\u0103 original\u0103 BMW E46<\/td>\n<\/tr>\n<tr data-start=\"1973\" data-end=\"2056\">\n<td data-start=\"1973\" data-end=\"2002\" data-col-size=\"sm\">Material<\/td>\n<td data-col-size=\"md\" data-start=\"2002\" data-end=\"2056\">ABS (utilizat \u00een industria auto)<\/td>\n<\/tr>\n<tr data-start=\"2057\" data-end=\"2139\">\n<td data-start=\"2057\" data-end=\"2085\" data-col-size=\"sm\">Design<\/td>\n<td data-col-size=\"md\" data-start=\"2085\" data-end=\"2139\">Precizie \u00een replicarea piesei originale<\/td>\n<\/tr>\n<tr data-start=\"2140\" data-end=\"2223\">\n<td data-start=\"2140\" data-end=\"2169\" data-col-size=\"sm\">Conectori Snap-Fit<\/td>\n<td data-col-size=\"md\" data-start=\"2169\" data-end=\"2223\">Instalare u\u0219oar\u0103 f\u0103r\u0103 unelte suplimentare<\/td>\n<\/tr>\n<tr data-start=\"2224\" data-end=\"2306\">\n<td data-start=\"2224\" data-end=\"2252\" data-col-size=\"sm\"><\/td>\n<td data-col-size=\"md\" data-start=\"2252\" data-end=\"2306\"><\/td>\n<\/tr>\n<tr data-start=\"2307\" data-end=\"2389\">\n<td data-start=\"2307\" data-end=\"2335\" data-col-size=\"sm\">Capacitate suport pahare<\/td>\n<td data-col-size=\"md\" data-start=\"2335\" data-end=\"2389\">Se potrivesc 1 doza mare<\/td>\n<\/tr>\n<tr data-start=\"2390\" data-end=\"2472\">\n<td data-start=\"2390\" data-end=\"2418\" data-col-size=\"sm\"><\/td>\n<td data-col-size=\"md\" data-start=\"2418\" data-end=\"2472\"><\/td>\n<\/tr>\n<tr data-start=\"2473\" data-end=\"2555\">\n<td data-start=\"2473\" data-end=\"2501\" data-col-size=\"sm\">Utilizare<\/td>\n<td data-col-size=\"md\" data-start=\"2501\" data-end=\"2555\">Restaurare sau personalizare interior BMW E46<\/td>\n<\/tr>\n<\/tbody>\n<\/table>\n<\/div>\n<\/div>\n","protected":false},"excerpt":{"rendered":"<p>Suport Pahare BMW E46 | Accesorii BMW E46 | 115 lei<\/p>\n<ul>\n<li><strong>Livrare 14.99 lei<\/strong><\/li>\n<li data-start=\"2605\" data-end=\"2695\">\n<p data-start=\"2607\" data-end=\"2695\"><strong data-start=\"2607\" data-end=\"2632\">Suport Pahare BMW E46<\/strong> perfect compatibil cu piesa original\u0103.<\/p>\n<\/li>\n<li data-start=\"2696\" data-end=\"2764\">\n<p data-start=\"2698\" data-end=\"2764\">Realizat din <strong data-start=\"2711\" data-end=\"2718\">ABS<\/strong>, material durabil folosit \u00een industria auto<\/p>\n<\/li>\n<li data-start=\"2765\" data-end=\"2843\">\n<p data-start=\"2767\" data-end=\"2843\"><strong data-start=\"2767\" data-end=\"2789\">Conectori snap-fit<\/strong> pentru instalare rapid\u0103 \u0219i f\u0103r\u0103 unelte suplimentare<\/p>\n<\/li>\n<\/ul>\n","protected":false},"featured_media":7451,"comment_status":"closed","ping_status":"closed","template":"","meta":{"_acf_changed":false,"slim_seo":{"description":"Suport Pahare BMW E46 realizat din ABS, perfect pentru \u00eenlocuirea pieselor originale. Design cu 2 doze mari \u0219i instalare rapid\u0103 prin conectori snap-fit.","title":"Suport Pahare BMW E46 | Accesorii BMW E46 | 115 lei - | Capib.ro"}},"product_brand":[],"product_cat":[262,268,96],"product_tag":[],"class_list":{"0":"post-7450","1":"product","2":"type-product","3":"status-publish","4":"has-post-thumbnail","6":"product_cat-accesorii-auto","7":"product_cat-bmw","8":"product_cat-magazin","9":"product_shipping_class-comanda-personalizata","10":"product_shipping_class-shop","12":"first","13":"instock","14":"shipping-taxable","15":"purchasable","16":"product-type-simple"},"acf":[],"_links":{"self":[{"href":"https:\/\/capib.ro\/3dprint\/wp-json\/wp\/v2\/product\/7450","targetHints":{"allow":["GET"]}}],"collection":[{"href":"https:\/\/capib.ro\/3dprint\/wp-json\/wp\/v2\/product"}],"about":[{"href":"https:\/\/capib.ro\/3dprint\/wp-json\/wp\/v2\/types\/product"}],"replies":[{"embeddable":true,"href":"https:\/\/capib.ro\/3dprint\/wp-json\/wp\/v2\/comments?post=7450"}],"wp:featuredmedia":[{"embeddable":true,"href":"https:\/\/capib.ro\/3dprint\/wp-json\/wp\/v2\/media\/7451"}],"wp:attachment":[{"href":"https:\/\/capib.ro\/3dprint\/wp-json\/wp\/v2\/media?parent=7450"}],"wp:term":[{"taxonomy":"product_brand","embeddable":true,"href":"https:\/\/capib.ro\/3dprint\/wp-json\/wp\/v2\/product_brand?post=7450"},{"taxonomy":"product_cat","embeddable":true,"href":"https:\/\/capib.ro\/3dprint\/wp-json\/wp\/v2\/product_cat?post=7450"},{"taxonomy":"product_tag","embeddable":true,"href":"https:\/\/capib.ro\/3dprint\/wp-json\/wp\/v2\/product_tag?post=7450"}],"curies":[{"name":"wp","href":"https:\/\/api.w.org\/{rel}","templated":true}]}}