{"id":7610,"date":"2025-09-02T11:58:35","date_gmt":"2025-09-02T11:58:35","guid":{"rendered":"https:\/\/3dprint.capib.ro\/?post_type=product&#038;p=7610"},"modified":"2025-10-14T19:03:06","modified_gmt":"2025-10-14T19:03:06","slug":"suport-dublu-pahare-renault","status":"publish","type":"product","link":"https:\/\/capib.ro\/3dprint\/product\/suport-dublu-pahare-renault\/","title":{"rendered":"Suport Dublu De Pahare Renault Twingo | 100lei"},"content":{"rendered":"<p data-start=\"163\" data-end=\"407\">Suport Dublu De Pahare Renault Twingo | 100lei Suport Dublu Pahare Renault Twingo \u2013 un accesoriu practic, realizat prin imprimare 3D, care \u00eenlocuie\u0219te suportul de pahare original din fabric\u0103. Designul s\u0103u este g\u00e2ndit pentru a oferi stabilitate \u0219i func\u021bionalitate \u00een utilizarea zilnic\u0103. Se potrive\u0219te perfect pentru o sticl\u0103 de 0,5 L, dar permite \u0219i folosirea unor recipiente mai mici. Suportul este format din 3 piese ce se \u00eembin\u0103 u\u0219or: un inel se introduce \u00een partea inferioar\u0103, iar cel\u0103lalt se fixeaz\u0103 de sus, asigur\u00e2nd o prindere ferm\u0103. Produsul este optimizat pentru imprimare 3D \u0219i poate fi realizat din materiale rezistente precum PETG, ASA sau ABS. Suport Func\u021bional \u0219i u\u0219or de montat.<\/p>\n<hr data-start=\"958\" data-end=\"961\" \/>\n<p>\ud83d\udcca Specifica\u021bii tehnice<\/p>\n<table class=\"w-fit min-w-(--thread-content-width)\" data-start=\"993\" data-end=\"2044\">\n<thead data-start=\"993\" data-end=\"1097\">\n<tr data-start=\"993\" data-end=\"1097\">\n<th data-start=\"993\" data-end=\"1022\" data-col-size=\"sm\">Caracteristic\u0103<\/th>\n<th data-start=\"1022\" data-end=\"1097\" data-col-size=\"md\">Detalii<\/th>\n<\/tr>\n<\/thead>\n<tbody data-start=\"1204\" data-end=\"2044\">\n<tr data-start=\"1204\" data-end=\"1308\">\n<td data-start=\"1204\" data-end=\"1233\" data-col-size=\"sm\">Produs<\/td>\n<td data-col-size=\"md\" data-start=\"1233\" data-end=\"1308\">Suport Dublu Pahare Renault Twingo<\/td>\n<\/tr>\n<tr data-start=\"1309\" data-end=\"1414\">\n<td data-start=\"1309\" data-end=\"1338\" data-col-size=\"sm\">Compatibilitate<\/td>\n<td data-col-size=\"md\" data-start=\"1338\" data-end=\"1414\">Renault Twingo (\u00eenlocuie\u0219te suportul de pahare original din fabric\u0103)<\/td>\n<\/tr>\n<tr data-start=\"1415\" data-end=\"1519\">\n<td data-start=\"1415\" data-end=\"1444\" data-col-size=\"sm\">Capacitate<\/td>\n<td data-col-size=\"md\" data-start=\"1444\" data-end=\"1519\">Sticl\u0103 de 0,5 L sau recipiente mai mici<\/td>\n<\/tr>\n<tr data-start=\"1520\" data-end=\"1624\">\n<td data-start=\"1520\" data-end=\"1549\" data-col-size=\"sm\">Dimensiuni interioare<\/td>\n<td data-col-size=\"md\" data-start=\"1549\" data-end=\"1624\">Cerc inferior: \u00d8 67 mm \/ Cerc superior: \u00d8 70 mm<\/td>\n<\/tr>\n<tr data-start=\"1625\" data-end=\"1729\">\n<td data-start=\"1625\" data-end=\"1654\" data-col-size=\"sm\">Componente<\/td>\n<td data-col-size=\"md\" data-start=\"1654\" data-end=\"1729\">3 piese (inel inferior + inel superior + corp principal)<\/td>\n<\/tr>\n<tr data-start=\"1730\" data-end=\"1834\">\n<td data-start=\"1730\" data-end=\"1759\" data-col-size=\"sm\">Material recomandat<\/td>\n<td data-col-size=\"md\" data-start=\"1759\" data-end=\"1834\">PETG (rezistent), alternativ: ASA, ABS<\/td>\n<\/tr>\n<tr data-start=\"1835\" data-end=\"1939\">\n<td data-start=\"1835\" data-end=\"1864\" data-col-size=\"sm\">Tehnologie produc\u021bie<\/td>\n<td data-col-size=\"md\" data-start=\"1864\" data-end=\"1939\">Imprimare 3D<\/td>\n<\/tr>\n<tr data-start=\"1940\" data-end=\"2044\">\n<td data-start=\"1940\" data-end=\"1969\" data-col-size=\"sm\">Categorie<\/td>\n<td data-col-size=\"md\" data-start=\"1969\" data-end=\"2044\">Accesorii auto \u203a Diverse<\/td>\n<\/tr>\n<\/tbody>\n<\/table>\n","protected":false},"excerpt":{"rendered":"<p>Suport Dublu De Pahare Renault Twingo | 100lei<\/p>\n<ul data-start=\"39\" data-end=\"525\" data-is-last-node=\"\" data-is-only-node=\"\">\n<li data-start=\"39\" data-end=\"129\">\n<p data-start=\"41\" data-end=\"129\">Accesoriu pentru Renault Twingo<\/p>\n<\/li>\n<li data-start=\"39\" data-end=\"129\">\n<p data-start=\"41\" data-end=\"129\">Livrare rapid\u0103.: 14.99 lei<\/p>\n<\/li>\n<li data-start=\"39\" data-end=\"129\">Setul Include: 1 suport dublu de pahare Renault Twingo<\/li>\n<\/ul>\n<ul>\n<li data-start=\"130\" data-end=\"231\">\n<p data-start=\"132\" data-end=\"231\">Material de calitate: Fabricat din material ABS folosit in industria auto<\/p>\n<\/li>\n<li>Usor de montat: Instalare rapid\u0103 \u0219i simpl\u0103<\/li>\n<\/ul>\n","protected":false},"featured_media":7611,"comment_status":"closed","ping_status":"closed","template":"","meta":{"_acf_changed":false,"slim_seo":{"description":"Suport Dublu Pahare Renault Twingo \u2013 accesoriu imprimat 3D, rezistent \u0219i practic, compatibil cu sticle de 0,5 L \u0219i recipiente mai mici.","title":"Suport Dublu De Pahare Renault Twingo | 100lei - | Capib.ro"}},"product_brand":[],"product_cat":[262,96,84,27,270],"product_tag":[],"class_list":{"0":"post-7610","1":"product","2":"type-product","3":"status-publish","4":"has-post-thumbnail","6":"product_cat-accesorii-auto","7":"product_cat-magazin","8":"product_cat-obiecte-printate-3d","9":"product_cat-printare","10":"product_cat-renault","11":"product_shipping_class-comanda-personalizata","12":"product_shipping_class-shop","14":"first","15":"instock","16":"shipping-taxable","17":"purchasable","18":"product-type-simple"},"acf":[],"_links":{"self":[{"href":"https:\/\/capib.ro\/3dprint\/wp-json\/wp\/v2\/product\/7610","targetHints":{"allow":["GET"]}}],"collection":[{"href":"https:\/\/capib.ro\/3dprint\/wp-json\/wp\/v2\/product"}],"about":[{"href":"https:\/\/capib.ro\/3dprint\/wp-json\/wp\/v2\/types\/product"}],"replies":[{"embeddable":true,"href":"https:\/\/capib.ro\/3dprint\/wp-json\/wp\/v2\/comments?post=7610"}],"wp:featuredmedia":[{"embeddable":true,"href":"https:\/\/capib.ro\/3dprint\/wp-json\/wp\/v2\/media\/7611"}],"wp:attachment":[{"href":"https:\/\/capib.ro\/3dprint\/wp-json\/wp\/v2\/media?parent=7610"}],"wp:term":[{"taxonomy":"product_brand","embeddable":true,"href":"https:\/\/capib.ro\/3dprint\/wp-json\/wp\/v2\/product_brand?post=7610"},{"taxonomy":"product_cat","embeddable":true,"href":"https:\/\/capib.ro\/3dprint\/wp-json\/wp\/v2\/product_cat?post=7610"},{"taxonomy":"product_tag","embeddable":true,"href":"https:\/\/capib.ro\/3dprint\/wp-json\/wp\/v2\/product_tag?post=7610"}],"curies":[{"name":"wp","href":"https:\/\/api.w.org\/{rel}","templated":true}]}}