{"id":8141,"date":"2025-10-22T17:44:34","date_gmt":"2025-10-22T17:44:34","guid":{"rendered":"https:\/\/3dprint.capib.ro\/?post_type=product&#038;p=8141"},"modified":"2025-10-28T22:31:15","modified_gmt":"2025-10-28T22:31:15","slug":"bratari-personalizate-figurina","status":"publish","type":"product","link":"https:\/\/capib.ro\/3dprint\/product\/bratari-personalizate-figurina\/","title":{"rendered":"Figurina Cuplu | Bratari Personalizate Cuplu | 150 lei"},"content":{"rendered":"<p data-start=\"729\" data-end=\"1068\">Figurina Cuplu | Bratari Personalizate Cuplu | 150 lei<\/p>\n<p data-start=\"905\" data-end=\"1175\">Celebreaz\u0103 povestea voastr\u0103 de dragoste cu un cadou unic: <strong data-start=\"963\" data-end=\"1037\">br\u0103\u021b\u0103ri personalizate de cuplu cu figurin\u0103 realizat\u0103 dup\u0103 poza voastr\u0103<\/strong>. Fiecare set este o crea\u021bie original\u0103, \u00een care tehnologia modern\u0103 se \u00eembin\u0103 cu arta manual\u0103, pentru a reda perfect leg\u0103tura dintre voi.<\/p>\n<p data-start=\"1177\" data-end=\"1529\">Figurinele sunt <strong data-start=\"1193\" data-end=\"1246\">modelate pe baza unei fotografii reale a cuplului<\/strong> \u0219i apoi <strong data-start=\"1255\" data-end=\"1273\">pictate manual<\/strong> de arti\u0219ti dedica\u021bi, care surprind expresiile, gesturile \u0219i detaliile ce v\u0103 fac unici. \u00cen\u0103l\u021bimea figurinei se poate personaliza, iar materialul din care este realizat\u0103 \u2014 <strong data-start=\"1444\" data-end=\"1473\">r\u0103\u0219ina de \u00eenalt\u0103 calitate<\/strong> \u2014 asigur\u0103 o textur\u0103 fin\u0103 \u0219i o durabilitate excelent\u0103.<\/p>\n<p data-start=\"1531\" data-end=\"1796\">\u00centreg procesul este realizat cu grij\u0103, folosind <strong data-start=\"1580\" data-end=\"1610\">tehnologie 3D profesional\u0103<\/strong>, pentru ca fiecare detaliu s\u0103 ias\u0103 impecabil. Po\u021bi afla mai multe despre imprimarea 3D \u0219i modul \u00een care prind via\u021b\u0103 aceste crea\u021bii vizit\u00e2nd <a class=\"decorated-link\" href=\"https:\/\/www.capib.ro\/3dprint\/\" target=\"_new\" rel=\"noopener\" data-start=\"1751\" data-end=\"1793\">3DPrint Capib<\/a><\/p>\n","protected":false},"excerpt":{"rendered":"<p>Figurina Cuplu | Bratari Personalizate Cuplu | 150 lei<\/p>\n<ul>\n<li data-start=\"386\" data-end=\"464\">\n<p data-start=\"388\" data-end=\"464\">\u00a0Figurin\u0103 realizat\u0103 dup\u0103 poza dvs.<\/p>\n<\/li>\n<li data-start=\"386\" data-end=\"464\"><a href=\"https:\/\/www.instagram.com\/reel\/DQEcuOIiB6P\/?igsh=NDlhdTliMzdpZ2No\">Link video prezentare\u00a0\u00a0<\/a><\/li>\n<li data-start=\"465\" data-end=\"513\">\n<p data-start=\"467\" data-end=\"513\">Optional Pictur\u0103 manual\u0103 , cu detalii realiste.<\/p>\n<\/li>\n<li data-start=\"553\" data-end=\"594\">\n<p data-start=\"555\" data-end=\"594\">Timp de execu\u021bie: 3-5 zile lucr\u0103toare<\/p>\n<\/li>\n<li data-start=\"595\" data-end=\"672\">\n<p data-start=\"597\" data-end=\"672\">Realizat\u0103 din r\u0103\u0219in\u0103 de calitate superioar\u0103 pentru durabilitate \u0219i fine\u021be<\/p>\n<\/li>\n<\/ul>\n","protected":false},"featured_media":8143,"comment_status":"closed","ping_status":"closed","template":"","meta":{"_acf_changed":false,"slim_seo":{"description":"Creeaz\u0103 br\u0103\u021b\u0103ri personalizate de cuplu cu figurin\u0103 unic\u0103 realizat\u0103 dup\u0103 poza voastr\u0103, pictat\u0103 manual \u00een detaliu din r\u0103\u0219in\u0103 premium.","title":"Figurina Cuplu | Bratari Personalizate Cuplu | 150 lei - | Capib.ro"}},"product_brand":[],"product_cat":[259,96],"product_tag":[],"class_list":{"0":"post-8141","1":"product","2":"type-product","3":"status-publish","4":"has-post-thumbnail","6":"product_cat-figurine","7":"product_cat-magazin","8":"product_shipping_class-comanda-personalizata","9":"product_shipping_class-shop","11":"first","12":"instock","13":"shipping-taxable","14":"purchasable","15":"product-type-simple"},"acf":[],"_links":{"self":[{"href":"https:\/\/capib.ro\/3dprint\/wp-json\/wp\/v2\/product\/8141","targetHints":{"allow":["GET"]}}],"collection":[{"href":"https:\/\/capib.ro\/3dprint\/wp-json\/wp\/v2\/product"}],"about":[{"href":"https:\/\/capib.ro\/3dprint\/wp-json\/wp\/v2\/types\/product"}],"replies":[{"embeddable":true,"href":"https:\/\/capib.ro\/3dprint\/wp-json\/wp\/v2\/comments?post=8141"}],"wp:featuredmedia":[{"embeddable":true,"href":"https:\/\/capib.ro\/3dprint\/wp-json\/wp\/v2\/media\/8143"}],"wp:attachment":[{"href":"https:\/\/capib.ro\/3dprint\/wp-json\/wp\/v2\/media?parent=8141"}],"wp:term":[{"taxonomy":"product_brand","embeddable":true,"href":"https:\/\/capib.ro\/3dprint\/wp-json\/wp\/v2\/product_brand?post=8141"},{"taxonomy":"product_cat","embeddable":true,"href":"https:\/\/capib.ro\/3dprint\/wp-json\/wp\/v2\/product_cat?post=8141"},{"taxonomy":"product_tag","embeddable":true,"href":"https:\/\/capib.ro\/3dprint\/wp-json\/wp\/v2\/product_tag?post=8141"}],"curies":[{"name":"wp","href":"https:\/\/api.w.org\/{rel}","templated":true}]}}