{"id":8156,"date":"2025-10-28T21:57:19","date_gmt":"2025-10-28T21:57:19","guid":{"rendered":"https:\/\/3dprint.capib.ro\/?post_type=product&#038;p=8156"},"modified":"2025-10-28T22:29:33","modified_gmt":"2025-10-28T22:29:33","slug":"ben-10-ceas","status":"publish","type":"product","link":"https:\/\/capib.ro\/3dprint\/product\/ben-10-ceas\/","title":{"rendered":"Ben 10 Ceas | Ceas Ben 10 Omnitrix Deluxe | 100 lei"},"content":{"rendered":"<p data-start=\"153\" data-end=\"225\"><strong data-start=\"153\" data-end=\"186\">Ben 10 Ceas \u2013 Omnitrix Deluxe<\/strong><br data-start=\"186\" data-end=\"189\" \/><em data-start=\"189\" data-end=\"223\">Inspirat din \u201cRace Against Time\u201d<\/em><\/p>\n<p data-start=\"227\" data-end=\"392\">Descoper\u0103 o replic\u0103 detaliat\u0103 \u0219i realist\u0103 a celebrului Omnitrix din universul <a href=\"https:\/\/youtube.com\/shorts\/uo71eYJ-UIA?feature=share\"><strong data-start=\"305\" data-end=\"315\">Ben 10<\/strong><\/a>, creat\u0103 special pentru fanii care vor s\u0103 aduc\u0103 magia eroilor direct acas\u0103.<\/p>\n<p data-start=\"394\" data-end=\"529\">Fie c\u0103 e\u0219ti colec\u021bionar, pasionat de serial sau pur \u0219i simplu cau\u021bi un obiect unic, acest <strong data-start=\"484\" data-end=\"503\">Ceas 3D printat<\/strong> este alegerea perfect\u0103.<\/p>\n<ul data-start=\"531\" data-end=\"1303\">\n<li data-start=\"531\" data-end=\"819\">\n<p data-start=\"533\" data-end=\"819\"><strong data-start=\"533\" data-end=\"557\">Realism \u0219i calitate:<\/strong> Modelul este printat 3D color sau, la cerere, \u00een variant\u0103 monocolor, oferind o textur\u0103 autentic\u0103 \u0219i rezisten\u021b\u0103 ridicat\u0103. Designul se bazeaz\u0103 pe versiunea din filmul<br \/>\n<em data-start=\"723\" data-end=\"750\">Ben 10: Race Against Time<\/em>, red\u00e2nd cu fidelitate formele \u0219i detaliile originale ale ceasului.<\/p>\n<\/li>\n<li data-start=\"820\" data-end=\"977\">\n<p data-start=\"822\" data-end=\"977\"><strong data-start=\"822\" data-end=\"841\">Finisaj manual:<\/strong> Fiecare Omnitrix Deluxe este finisat manual pentru a ob\u021bine un aspect realist,<br \/>\nideal pentru expunere, cosplay sau colec\u021bie personal\u0103.<\/p>\n<\/li>\n<li data-start=\"978\" data-end=\"1164\">\n<p data-start=\"980\" data-end=\"1164\"><strong data-start=\"980\" data-end=\"1001\">Asamblare simpl\u0103:<\/strong> Produsul necesit\u0103 <strong data-start=\"1020\" data-end=\"1042\">\u0219uruburi \u0219i un arc<\/strong> pentru asamblare<br \/>\n\u0219i vine cu <strong data-start=\"1071\" data-end=\"1098\">instruc\u021biuni pas cu pas<\/strong> incluse, astfel \u00eenc\u00e2t oricine poate construi propriul Omnitrix.<\/p>\n<\/li>\n<li data-start=\"1165\" data-end=\"1303\">\n<p data-start=\"1167\" data-end=\"1303\"><strong data-start=\"1167\" data-end=\"1191\">Experien\u021b\u0103 complet\u0103:<\/strong> Pentru o prezentare complet\u0103, oferim \u0219i<br \/>\nun <strong data-start=\"1235\" data-end=\"1249\">link video<\/strong><\/p>\n<\/li>\n<\/ul>\n","protected":false},"excerpt":{"rendered":"<ul>\n<li data-start=\"63\" data-end=\"85\"><strong data-start=\"63\" data-end=\"83\">Printat 3D color sau monocolor<\/strong><\/li>\n<li data-start=\"86\" data-end=\"119\">\n<p data-start=\"88\" data-end=\"119\"><strong data-start=\"88\" data-end=\"117\">Ceas Ben 10: Race Against Time<\/strong><\/p>\n<\/li>\n<li data-start=\"86\" data-end=\"119\">\n<p data-start=\"88\" data-end=\"119\"><strong>Instruc\u021biuni de asamblare Incluse<\/strong><\/p>\n<\/li>\n<li data-start=\"86\" data-end=\"119\"><a href=\"https:\/\/youtube.com\/shorts\/uo71eYJ-UIA?feature=share\">Link Video<\/a><\/li>\n<\/ul>\n","protected":false},"featured_media":8161,"comment_status":"closed","ping_status":"closed","template":"","meta":{"_acf_changed":false,"slim_seo":{"description":"Ben 10 Ceas \u2013 Omnitrix Deluxe, inspirat din Ben 10: Race Against Time! Printat 3D color sau monocolor. Ideal pentru fani, cosplay \u0219i colec\u021bionari.","title":"Ben 10 Ceas | Ceas Ben 10 Omnitrix Deluxe | 100 lei - | Capib.ro"}},"product_brand":[],"product_cat":[259,96],"product_tag":[],"class_list":{"0":"post-8156","1":"product","2":"type-product","3":"status-publish","4":"has-post-thumbnail","6":"product_cat-figurine","7":"product_cat-magazin","8":"product_shipping_class-comanda-personalizata","9":"product_shipping_class-shop","11":"first","12":"instock","13":"shipping-taxable","14":"purchasable","15":"product-type-variable"},"acf":[],"_links":{"self":[{"href":"https:\/\/capib.ro\/3dprint\/wp-json\/wp\/v2\/product\/8156","targetHints":{"allow":["GET"]}}],"collection":[{"href":"https:\/\/capib.ro\/3dprint\/wp-json\/wp\/v2\/product"}],"about":[{"href":"https:\/\/capib.ro\/3dprint\/wp-json\/wp\/v2\/types\/product"}],"replies":[{"embeddable":true,"href":"https:\/\/capib.ro\/3dprint\/wp-json\/wp\/v2\/comments?post=8156"}],"wp:featuredmedia":[{"embeddable":true,"href":"https:\/\/capib.ro\/3dprint\/wp-json\/wp\/v2\/media\/8161"}],"wp:attachment":[{"href":"https:\/\/capib.ro\/3dprint\/wp-json\/wp\/v2\/media?parent=8156"}],"wp:term":[{"taxonomy":"product_brand","embeddable":true,"href":"https:\/\/capib.ro\/3dprint\/wp-json\/wp\/v2\/product_brand?post=8156"},{"taxonomy":"product_cat","embeddable":true,"href":"https:\/\/capib.ro\/3dprint\/wp-json\/wp\/v2\/product_cat?post=8156"},{"taxonomy":"product_tag","embeddable":true,"href":"https:\/\/capib.ro\/3dprint\/wp-json\/wp\/v2\/product_tag?post=8156"}],"curies":[{"name":"wp","href":"https:\/\/api.w.org\/{rel}","templated":true}]}}